{"id":940,"date":"2021-05-16T08:24:00","date_gmt":"2021-05-16T07:24:00","guid":{"rendered":"https:\/\/paroisses-malabry.fr\/?page_id=940"},"modified":"2021-05-18T20:36:40","modified_gmt":"2021-05-18T19:36:40","slug":"habitat-humanisme","status":"publish","type":"page","link":"https:\/\/paroisses-chatenay.fr\/stebathilde\/habitat-humanisme\/","title":{"rendered":"Habitat &#038; Humanisme"},"content":{"rendered":"\n<p>Notre association a pour objectif de permettre \u00e0 des personnes seules et des familles en difficult\u00e9, l\u2019acc\u00e8s \u00e0 un&nbsp;<strong>logement d\u00e9cent,&nbsp;<\/strong>avec un faible loyer.<\/p>\n\n\n\n<p><strong>Nous a<\/strong><strong>ccompagn<\/strong><strong>ons les personnes log\u00e9es<\/strong>&nbsp;pour favoriser le retour de l\u2019estime de soi, l\u2019acquisition de l\u2019autonomie et la reprise des liens sociaux, indispensables \u00e0 toute insertion.<\/p>\n\n\n\n<p>Aujourd\u2019hui le&nbsp;<strong>groupe local Fontenay-Sceaux-<\/strong><strong>Plessis&nbsp;<\/strong>est en expansion avec<strong><br>16<\/strong>&nbsp;familles (18 adultes et 21 enfants) relog\u00e9es par nos soins.<br>Nous recherchons actuellement :<\/p>\n\n\n\n<ul class=\"wp-block-list\"><li><strong>des propri\u00e9taires solidaires<\/strong>&nbsp;qui souhaitent confier leur logement \u00e0 notre Agence Immobili\u00e8re \u00e0 Vocation Sociale ;<\/li><li><strong><u>des b\u00e9n\u00e9voles attir\u00e9s par l\u2019accompagnement<\/u><\/strong>&nbsp;des familles. Une formation initiale ainsi qu\u2019un suivi mensuel sont naturellement pr\u00e9vus ;<\/li><li><strong><u>de g\u00e9n\u00e9reux donateurs<\/u><\/strong>&nbsp;qui soutiennent notre action en participant financi\u00e8rement \u00e0 notre mouvement.<\/li><\/ul>\n\n\n\n<p><strong>Contactez Michel FORNIER<\/strong>\u00a0au 06 89 819\u00a0819 ou m.fornier@wanadoo.fr<\/p>\n\n\n\n<p><a href=\"https:\/\/www.habitat-humanisme.org\/associations\/habitat-humanisme-ile-de-france\/\" target=\"_blank\" rel=\"noreferrer noopener\">Site Web Habitat &amp; Humanisme<\/a><\/p>\n","protected":false},"excerpt":{"rendered":"<p>Notre association a pour objectif de permettre \u00e0 des personnes seules et des familles en difficult\u00e9, l\u2019acc\u00e8s \u00e0 un&nbsp;logement d\u00e9cent,&nbsp;avec<\/p>\n","protected":false},"author":2,"featured_media":1017,"parent":0,"menu_order":0,"comment_status":"closed","ping_status":"closed","template":"","meta":{"iawp_total_views":41,"footnotes":""},"class_list":["post-940","page","type-page","status-publish","has-post-thumbnail","hentry"],"_links":{"self":[{"href":"https:\/\/paroisses-chatenay.fr\/stebathilde\/wp-json\/wp\/v2\/pages\/940","targetHints":{"allow":["GET"]}}],"collection":[{"href":"https:\/\/paroisses-chatenay.fr\/stebathilde\/wp-json\/wp\/v2\/pages"}],"about":[{"href":"https:\/\/paroisses-chatenay.fr\/stebathilde\/wp-json\/wp\/v2\/types\/page"}],"author":[{"embeddable":true,"href":"https:\/\/paroisses-chatenay.fr\/stebathilde\/wp-json\/wp\/v2\/users\/2"}],"replies":[{"embeddable":true,"href":"https:\/\/paroisses-chatenay.fr\/stebathilde\/wp-json\/wp\/v2\/comments?post=940"}],"version-history":[{"count":2,"href":"https:\/\/paroisses-chatenay.fr\/stebathilde\/wp-json\/wp\/v2\/pages\/940\/revisions"}],"predecessor-version":[{"id":1019,"href":"https:\/\/paroisses-chatenay.fr\/stebathilde\/wp-json\/wp\/v2\/pages\/940\/revisions\/1019"}],"wp:featuredmedia":[{"embeddable":true,"href":"https:\/\/paroisses-chatenay.fr\/stebathilde\/wp-json\/wp\/v2\/media\/1017"}],"wp:attachment":[{"href":"https:\/\/paroisses-chatenay.fr\/stebathilde\/wp-json\/wp\/v2\/media?parent=940"}],"curies":[{"name":"wp","href":"https:\/\/api.w.org\/{rel}","templated":true}]}}