{"id":11862,"date":"2025-08-25T21:40:26","date_gmt":"2025-08-25T19:40:26","guid":{"rendered":"https:\/\/paroisses-chatenay.fr\/stgermain\/?page_id=11862"},"modified":"2025-08-25T21:40:30","modified_gmt":"2025-08-25T19:40:30","slug":"inscriptions-aumonerie-2025-2026-le-samedi-13-septembre-de-13h-a-18h-a-laumonerie","status":"publish","type":"page","link":"https:\/\/paroisses-chatenay.fr\/stgermain\/inscriptions-aumonerie-2025-2026-le-samedi-13-septembre-de-13h-a-18h-a-laumonerie\/","title":{"rendered":"Inscriptions aum\u00f4nerie 2025-2026 : le samedi 13 septembre de 13h \u00e0 18h \u00e0 l&rsquo;aum\u00f4nerie"},"content":{"rendered":"\n<p><\/p>\n\n\n\n<p>Voir <a href=\"https:\/\/paroisses-chatenay.fr\/stgermain\/aumonerie-11-ans-et\/\">https:\/\/paroisses-chatenay.fr\/stgermain\/aumonerie-11-ans-et\/<\/a><\/p>\n\n\n\n<p><strong>Coordonn\u00e9es<\/strong><br>Aum\u00f4nerie de Ch\u00e2tenay-Malabry<br>129 Avenue Roger Salengro<br>92290 CHATENAY-MALABRY<br>mail :\u00a0<a href=\"mailto:aep.chatenay@free.fr?subject=AUMONERIE%20CHATENAY%20MALABRY\">aep.chatenay@free.fr<\/a><br>TEL: Aum\u00f4nerie 01-46-83-10-14<\/p>\n","protected":false},"excerpt":{"rendered":"<p>Voir https:\/\/paroisses-chatenay.fr\/stgermain\/aumonerie-11-ans-et\/ Coordonn\u00e9esAum\u00f4nerie de Ch\u00e2tenay-Malabry129 Avenue Roger Salengro92290 CHATENAY-MALABRYmail :\u00a0aep.chatenay@free.frTEL: Aum\u00f4nerie 01-46-83-10-14<\/p>\n","protected":false},"author":1,"featured_media":7853,"parent":0,"menu_order":0,"comment_status":"closed","ping_status":"closed","template":"","meta":{"_seopress_robots_primary_cat":"","_seopress_titles_title":"","_seopress_titles_desc":"","_seopress_robots_index":"","jetpack_post_was_ever_published":false,"footnotes":""},"class_list":["post-11862","page","type-page","status-publish","has-post-thumbnail","hentry"],"jetpack_sharing_enabled":true,"jetpack_shortlink":"https:\/\/wp.me\/P8QOZc-35k","jetpack_likes_enabled":true,"_links":{"self":[{"href":"https:\/\/paroisses-chatenay.fr\/stgermain\/wp-json\/wp\/v2\/pages\/11862","targetHints":{"allow":["GET"]}}],"collection":[{"href":"https:\/\/paroisses-chatenay.fr\/stgermain\/wp-json\/wp\/v2\/pages"}],"about":[{"href":"https:\/\/paroisses-chatenay.fr\/stgermain\/wp-json\/wp\/v2\/types\/page"}],"author":[{"embeddable":true,"href":"https:\/\/paroisses-chatenay.fr\/stgermain\/wp-json\/wp\/v2\/users\/1"}],"replies":[{"embeddable":true,"href":"https:\/\/paroisses-chatenay.fr\/stgermain\/wp-json\/wp\/v2\/comments?post=11862"}],"version-history":[{"count":1,"href":"https:\/\/paroisses-chatenay.fr\/stgermain\/wp-json\/wp\/v2\/pages\/11862\/revisions"}],"predecessor-version":[{"id":11865,"href":"https:\/\/paroisses-chatenay.fr\/stgermain\/wp-json\/wp\/v2\/pages\/11862\/revisions\/11865"}],"wp:featuredmedia":[{"embeddable":true,"href":"https:\/\/paroisses-chatenay.fr\/stgermain\/wp-json\/wp\/v2\/media\/7853"}],"wp:attachment":[{"href":"https:\/\/paroisses-chatenay.fr\/stgermain\/wp-json\/wp\/v2\/media?parent=11862"}],"curies":[{"name":"wp","href":"https:\/\/api.w.org\/{rel}","templated":true}]}}