{"id":12055,"date":"2025-10-12T21:46:34","date_gmt":"2025-10-12T19:46:34","guid":{"rendered":"https:\/\/paroisses-chatenay.fr\/stgermain\/?page_id=12055"},"modified":"2025-10-12T21:50:50","modified_gmt":"2025-10-12T19:50:50","slug":"congres-mission-7-8-9-novembre-2025-a-laccord-arena-de-bercy","status":"publish","type":"page","link":"https:\/\/paroisses-chatenay.fr\/stgermain\/congres-mission-7-8-9-novembre-2025-a-laccord-arena-de-bercy\/","title":{"rendered":"Congr\u00e8s MISSION 7-8-9 novembre 2025 \u00e0 l\u2019Accord Arena de Bercy"},"content":{"rendered":"\n<p>Retrouvons-nous pour accueillir une nouvelle fois la Bonne Nouvelle et r\u00e9fl\u00e9chir ensemble aux meilleures mani\u00e8res d\u2019en rayonner l\u00e0 o\u00f9 nous sommes.<br><\/p>\n\n\n\n<p>Au Programme : Journ\u00e9es sp\u00e9ciales, tables rondes, rencontres, conf\u00e9rences, temps de pri\u00e8re, d&rsquo;\u00e9change, un village d\u2019associations \u2026Des participants de divers horizons et de toute la France. Trois jours pour se former, s\u2019inspirer, et repartir pleinement ressourc\u00e9.<\/p>\n\n\n\n<p><br>Plus d\u2019infos : <a href=\"https:\/\/paris.congresmission.com\/\" target=\"_blank\" rel=\"noreferrer noopener\">https:\/\/paris.congresmission.com\/<\/a><br>Pour s&rsquo;inscrire : <a href=\"https:\/\/paris.congresmission.com\/inscriptions\/\" target=\"_blank\" rel=\"noreferrer noopener\">https:\/\/www.billetweb.fr\/congres-mission-2025<\/a><\/p>\n","protected":false},"excerpt":{"rendered":"<p>Retrouvons-nous pour accueillir une nouvelle fois la Bonne Nouvelle et r\u00e9fl\u00e9chir ensemble aux meilleures mani\u00e8res d\u2019en rayonner l\u00e0 o\u00f9 nous sommes. Au Programme : Journ\u00e9es sp\u00e9ciales, tables rondes, rencontres, conf\u00e9rences, temps de pri\u00e8re, d&rsquo;\u00e9change, un village d\u2019associations \u2026Des participants de divers horizons et de toute la France. Trois jours pour se former, s\u2019inspirer, et repartir pleinement ressourc\u00e9. Plus d\u2019infos : https:\/\/paris.congresmission.com\/Pour s&rsquo;inscrire : https:\/\/www.billetweb.fr\/congres-mission-2025<\/p>\n","protected":false},"author":1,"featured_media":12058,"parent":0,"menu_order":0,"comment_status":"closed","ping_status":"closed","template":"","meta":{"_seopress_robots_primary_cat":"","_seopress_titles_title":"","_seopress_titles_desc":"","_seopress_robots_index":"","jetpack_post_was_ever_published":false,"footnotes":""},"class_list":["post-12055","page","type-page","status-publish","has-post-thumbnail","hentry"],"jetpack_sharing_enabled":true,"jetpack_shortlink":"https:\/\/wp.me\/P8QOZc-38r","jetpack_likes_enabled":true,"_links":{"self":[{"href":"https:\/\/paroisses-chatenay.fr\/stgermain\/wp-json\/wp\/v2\/pages\/12055","targetHints":{"allow":["GET"]}}],"collection":[{"href":"https:\/\/paroisses-chatenay.fr\/stgermain\/wp-json\/wp\/v2\/pages"}],"about":[{"href":"https:\/\/paroisses-chatenay.fr\/stgermain\/wp-json\/wp\/v2\/types\/page"}],"author":[{"embeddable":true,"href":"https:\/\/paroisses-chatenay.fr\/stgermain\/wp-json\/wp\/v2\/users\/1"}],"replies":[{"embeddable":true,"href":"https:\/\/paroisses-chatenay.fr\/stgermain\/wp-json\/wp\/v2\/comments?post=12055"}],"version-history":[{"count":2,"href":"https:\/\/paroisses-chatenay.fr\/stgermain\/wp-json\/wp\/v2\/pages\/12055\/revisions"}],"predecessor-version":[{"id":12062,"href":"https:\/\/paroisses-chatenay.fr\/stgermain\/wp-json\/wp\/v2\/pages\/12055\/revisions\/12062"}],"wp:featuredmedia":[{"embeddable":true,"href":"https:\/\/paroisses-chatenay.fr\/stgermain\/wp-json\/wp\/v2\/media\/12058"}],"wp:attachment":[{"href":"https:\/\/paroisses-chatenay.fr\/stgermain\/wp-json\/wp\/v2\/media?parent=12055"}],"curies":[{"name":"wp","href":"https:\/\/api.w.org\/{rel}","templated":true}]}}