{"id":1717,"date":"2017-11-25T12:33:03","date_gmt":"2017-11-25T11:33:03","guid":{"rendered":"http:\/\/www.paroisses-chatenay.fr\/stgermain\/?page_id=1717"},"modified":"2018-05-20T19:10:12","modified_gmt":"2018-05-20T17:10:12","slug":"points-de-repere","status":"publish","type":"page","link":"https:\/\/paroisses-chatenay.fr\/stgermain\/points-de-repere\/","title":{"rendered":"Points de Rep\u00e8re"},"content":{"rendered":"<p>Quelques \u00ab\u00a0points de rep\u00e8res\u00a0\u00bb sur les diff\u00e9rents temps de la messe<\/p>\n<ol>\n<li><a href=\"http:\/\/www.paroisses-chatenay.fr\/stgermain\/point-de-repere-lalleluia\/\">L&rsquo;All\u00e9luia<\/a><\/li>\n<li><a href=\"http:\/\/www.paroisses-chatenay.fr\/stgermain\/point-de-repere-la-priere-universelle\/\">La Pri\u00e8re Universelle<\/a><\/li>\n<li><a href=\"http:\/\/www.paroisses-chatenay.fr\/stgermain\/points-de-repere-le-gloire-a-dieu-gloria\/\">Le Gloire \u00e0 Dieu (Gloria)<\/a><\/li>\n<li><a href=\"http:\/\/www.paroisses-chatenay.fr\/stgermain\/point-de-repere-lanamnese-dans-la-messe\/\">L&rsquo;Anamn\u00e8se<\/a><\/li>\n<li><a href=\"http:\/\/www.paroisses-chatenay.fr\/stgermain\/point-de-repere-la-benediction-finale\/\">La B\u00e9n\u00e9diction Finale<\/a><\/li>\n<li><a href=\"http:\/\/www.paroisses-chatenay.fr\/stgermain\/point-de-repere-limmixtion-dit-aussi-commixtion\/\">L&rsquo;immixtion<\/a><\/li>\n<\/ol>\n<p>&nbsp;<\/p>\n","protected":false},"excerpt":{"rendered":"<p>Quelques \u00ab\u00a0points de rep\u00e8res\u00a0\u00bb sur les diff\u00e9rents temps de la messe L&rsquo;All\u00e9luia La Pri\u00e8re Universelle Le Gloire \u00e0 Dieu (Gloria) L&rsquo;Anamn\u00e8se La B\u00e9n\u00e9diction Finale L&rsquo;immixtion &nbsp;<\/p>\n","protected":false},"author":1,"featured_media":0,"parent":0,"menu_order":0,"comment_status":"closed","ping_status":"closed","template":"","meta":{"_seopress_robots_primary_cat":"","_seopress_titles_title":"","_seopress_titles_desc":"","_seopress_robots_index":"","jetpack_post_was_ever_published":false,"footnotes":""},"class_list":["post-1717","page","type-page","status-publish","hentry"],"jetpack_sharing_enabled":true,"jetpack_shortlink":"https:\/\/wp.me\/P8QOZc-rH","jetpack_likes_enabled":true,"_links":{"self":[{"href":"https:\/\/paroisses-chatenay.fr\/stgermain\/wp-json\/wp\/v2\/pages\/1717","targetHints":{"allow":["GET"]}}],"collection":[{"href":"https:\/\/paroisses-chatenay.fr\/stgermain\/wp-json\/wp\/v2\/pages"}],"about":[{"href":"https:\/\/paroisses-chatenay.fr\/stgermain\/wp-json\/wp\/v2\/types\/page"}],"author":[{"embeddable":true,"href":"https:\/\/paroisses-chatenay.fr\/stgermain\/wp-json\/wp\/v2\/users\/1"}],"replies":[{"embeddable":true,"href":"https:\/\/paroisses-chatenay.fr\/stgermain\/wp-json\/wp\/v2\/comments?post=1717"}],"version-history":[{"count":7,"href":"https:\/\/paroisses-chatenay.fr\/stgermain\/wp-json\/wp\/v2\/pages\/1717\/revisions"}],"predecessor-version":[{"id":2286,"href":"https:\/\/paroisses-chatenay.fr\/stgermain\/wp-json\/wp\/v2\/pages\/1717\/revisions\/2286"}],"wp:attachment":[{"href":"https:\/\/paroisses-chatenay.fr\/stgermain\/wp-json\/wp\/v2\/media?parent=1717"}],"curies":[{"name":"wp","href":"https:\/\/api.w.org\/{rel}","templated":true}]}}