{"id":2000,"date":"2018-02-16T20:59:48","date_gmt":"2018-02-16T19:59:48","guid":{"rendered":"http:\/\/www.paroisses-chatenay.fr\/stgermain\/?page_id=2000"},"modified":"2020-09-20T17:42:49","modified_gmt":"2020-09-20T15:42:49","slug":"quelques-mooc","status":"publish","type":"page","link":"https:\/\/paroisses-chatenay.fr\/stgermain\/quelques-mooc\/","title":{"rendered":"Quelques MOOC &#8230;"},"content":{"rendered":"<p>MOOC de la messe : <a href=\"http:\/\/www.lemoocdelamesse.fr\" target=\"_blank\" rel=\"noopener noreferrer\">www.lemoocdelamesse.fr<\/a><\/p>\n<hr \/>\n<p>SINOD : <a href=\"https:\/\/www.sinod.fr\/\" target=\"_blank\" rel=\"noopener noreferrer\">www.sinod.fr<br \/>\n<\/a>SINOD est la plateforme de cours en ligne, gratuits et ouverts \u00e0 tous (autrement appel\u00e9s \u00ab\u00a0MOOC\u00a0\u00bb) propos\u00e9e par l\u2019Ecole Cath\u00e9drale, p\u00f4le formation du Coll\u00e8ge des Bernardins.<\/p>\n","protected":false},"excerpt":{"rendered":"<p>MOOC de la messe : www.lemoocdelamesse.fr SINOD : www.sinod.fr SINOD est la plateforme de cours en ligne, gratuits et ouverts \u00e0 tous (autrement appel\u00e9s \u00ab\u00a0MOOC\u00a0\u00bb) propos\u00e9e par l\u2019Ecole Cath\u00e9drale, p\u00f4le formation du Coll\u00e8ge des Bernardins.<\/p>\n","protected":false},"author":1,"featured_media":0,"parent":0,"menu_order":0,"comment_status":"closed","ping_status":"closed","template":"","meta":{"_seopress_robots_primary_cat":"","_seopress_titles_title":"","_seopress_titles_desc":"","_seopress_robots_index":"","jetpack_post_was_ever_published":false,"footnotes":""},"class_list":["post-2000","page","type-page","status-publish","hentry"],"jetpack_sharing_enabled":true,"jetpack_shortlink":"https:\/\/wp.me\/P8QOZc-wg","jetpack_likes_enabled":true,"_links":{"self":[{"href":"https:\/\/paroisses-chatenay.fr\/stgermain\/wp-json\/wp\/v2\/pages\/2000","targetHints":{"allow":["GET"]}}],"collection":[{"href":"https:\/\/paroisses-chatenay.fr\/stgermain\/wp-json\/wp\/v2\/pages"}],"about":[{"href":"https:\/\/paroisses-chatenay.fr\/stgermain\/wp-json\/wp\/v2\/types\/page"}],"author":[{"embeddable":true,"href":"https:\/\/paroisses-chatenay.fr\/stgermain\/wp-json\/wp\/v2\/users\/1"}],"replies":[{"embeddable":true,"href":"https:\/\/paroisses-chatenay.fr\/stgermain\/wp-json\/wp\/v2\/comments?post=2000"}],"version-history":[{"count":2,"href":"https:\/\/paroisses-chatenay.fr\/stgermain\/wp-json\/wp\/v2\/pages\/2000\/revisions"}],"predecessor-version":[{"id":6298,"href":"https:\/\/paroisses-chatenay.fr\/stgermain\/wp-json\/wp\/v2\/pages\/2000\/revisions\/6298"}],"wp:attachment":[{"href":"https:\/\/paroisses-chatenay.fr\/stgermain\/wp-json\/wp\/v2\/media?parent=2000"}],"curies":[{"name":"wp","href":"https:\/\/api.w.org\/{rel}","templated":true}]}}