{"id":2288,"date":"2018-05-20T19:21:53","date_gmt":"2018-05-20T17:21:53","guid":{"rendered":"http:\/\/www.paroisses-chatenay.fr\/stgermain\/?page_id=2288"},"modified":"2018-05-21T12:18:23","modified_gmt":"2018-05-21T10:18:23","slug":"groupe-damitie-islamo-chretienne-et-linstitut-andalus","status":"publish","type":"page","link":"https:\/\/paroisses-chatenay.fr\/stgermain\/groupe-damitie-islamo-chretienne-et-linstitut-andalus\/","title":{"rendered":"Groupe d\u2019Amiti\u00e9 Islamo-Chr\u00e9tienne et l\u2019Institut Andalus :  \u00ab Lutter contre l\u2019\u00e9chec scolaire et retrouver confiance en soi. \u00bb"},"content":{"rendered":"<p>Le groupe d\u2019Amiti\u00e9 Islamo-Chr\u00e9tienne et l\u2019Institut Andalus vous invitent, le samedi 26 mai \u00e0 17h, en partenariat avec le cin\u00e9ma Rex (364 avenue de la Division Leclerc \u00e0 Ch\u00e2tenay-Malabry), \u00e0 une rencontre-d\u00e9bat sur le th\u00e8me : \u00ab Lutter contre l\u2019\u00e9chec scolaire et retrouver confiance en soi. \u00bb<\/p>\n<p>Les \u00e9changes seront pr\u00e9c\u00e9d\u00e9s par une projection du film documentaire \u00ab \u00c0 nous de jouer \u00bb qui retrace une exp\u00e9rience v\u00e9cue au lyc\u00e9e J. Mac\u00e9 de Clichy.<\/p>\n<p><img data-recalc-dims=\"1\" loading=\"lazy\" decoding=\"async\" class=\"alignnone size-full wp-image-2289\" src=\"https:\/\/i0.wp.com\/www.paroisses-chatenay.fr\/stgermain\/wp-content\/uploads\/2018\/05\/chertiensetmusulmans.png?resize=354%2C245\" alt=\"\" width=\"354\" height=\"245\" \/><\/p>\n<p>Site du GAIC\u00a0 : <a href=\"http:\/\/www.gaic-seric.info\/\">http:\/\/www.gaic-seric.info\/<\/a><\/p>\n","protected":false},"excerpt":{"rendered":"<p>Le groupe d\u2019Amiti\u00e9 Islamo-Chr\u00e9tienne et l\u2019Institut Andalus vous invitent, le samedi 26 mai \u00e0 17h, en partenariat avec le cin\u00e9ma Rex (364 avenue de la Division Leclerc \u00e0 Ch\u00e2tenay-Malabry), \u00e0 une rencontre-d\u00e9bat sur le th\u00e8me : \u00ab Lutter contre l\u2019\u00e9chec scolaire et retrouver confiance en soi. \u00bb Les \u00e9changes seront pr\u00e9c\u00e9d\u00e9s par une projection du film documentaire \u00ab \u00c0 nous de jouer \u00bb qui retrace une exp\u00e9rience v\u00e9cue au lyc\u00e9e J. Mac\u00e9 de Clichy. Site du GAIC\u00a0 : http:\/\/www.gaic-seric.info\/<\/p>\n","protected":false},"author":1,"featured_media":0,"parent":0,"menu_order":0,"comment_status":"closed","ping_status":"closed","template":"","meta":{"_seopress_robots_primary_cat":"","_seopress_titles_title":"","_seopress_titles_desc":"","_seopress_robots_index":"","jetpack_post_was_ever_published":false,"footnotes":""},"class_list":["post-2288","page","type-page","status-publish","hentry"],"jetpack_sharing_enabled":true,"jetpack_shortlink":"https:\/\/wp.me\/P8QOZc-AU","jetpack_likes_enabled":true,"_links":{"self":[{"href":"https:\/\/paroisses-chatenay.fr\/stgermain\/wp-json\/wp\/v2\/pages\/2288","targetHints":{"allow":["GET"]}}],"collection":[{"href":"https:\/\/paroisses-chatenay.fr\/stgermain\/wp-json\/wp\/v2\/pages"}],"about":[{"href":"https:\/\/paroisses-chatenay.fr\/stgermain\/wp-json\/wp\/v2\/types\/page"}],"author":[{"embeddable":true,"href":"https:\/\/paroisses-chatenay.fr\/stgermain\/wp-json\/wp\/v2\/users\/1"}],"replies":[{"embeddable":true,"href":"https:\/\/paroisses-chatenay.fr\/stgermain\/wp-json\/wp\/v2\/comments?post=2288"}],"version-history":[{"count":2,"href":"https:\/\/paroisses-chatenay.fr\/stgermain\/wp-json\/wp\/v2\/pages\/2288\/revisions"}],"predecessor-version":[{"id":2337,"href":"https:\/\/paroisses-chatenay.fr\/stgermain\/wp-json\/wp\/v2\/pages\/2288\/revisions\/2337"}],"wp:attachment":[{"href":"https:\/\/paroisses-chatenay.fr\/stgermain\/wp-json\/wp\/v2\/media?parent=2288"}],"curies":[{"name":"wp","href":"https:\/\/api.w.org\/{rel}","templated":true}]}}