{"id":2332,"date":"2018-05-21T12:02:33","date_gmt":"2018-05-21T10:02:33","guid":{"rendered":"http:\/\/www.paroisses-chatenay.fr\/stgermain\/?page_id=2332"},"modified":"2024-06-08T09:36:14","modified_gmt":"2024-06-08T07:36:14","slug":"maison-des-familles","status":"publish","type":"page","link":"https:\/\/paroisses-chatenay.fr\/stgermain\/maison-des-familles\/","title":{"rendered":"Maison des Familles"},"content":{"rendered":"<p><strong>ENTRETIENS PERSONNALIS\u00c9S<\/strong><br \/>\nLa Maison des Familles du 92 propose <strong>une permanence d\u2019accueil personnalis\u00e9 <\/strong>pour vous aider \u00e0 clarifier une situation et\/ou trouver des pistes d\u2019orientation.<br \/>\nEntretiens sans rdv, gratuits, confidentiels.<\/p>\n<p><strong>Trois conseillers<\/strong> conjugaux et familiaux, une m\u00e9diatrice familiale sont \u00e9galement \u00e0 votre \u00e9coute lorsque vous traversez une p\u00e9riode difficile.<\/p>\n<p>Confiance, bienveillance, confidentialit\u00e9, respect de chacun.<\/p>\n<p><strong>Renseignements<\/strong> : <a href=\"https:\/\/www.maisondesfamillessaintfrancois.fr\" target=\"_blank\" rel=\"noopener\">https:\/\/www.maisondesfamillessaintfrancois.fr<\/a><\/p>\n<address class=\"pe-xl-10 pe-xxl-12\">1 parvis Jean-Paul-II<br \/>\n92100 Boulogne-Billancourt<br \/>\nContact :01 47 61 13 80<\/address>\n","protected":false},"excerpt":{"rendered":"<p>ENTRETIENS PERSONNALIS\u00c9S La Maison des Familles du 92 propose une permanence d\u2019accueil personnalis\u00e9 pour vous aider \u00e0 clarifier une situation et\/ou trouver des pistes d\u2019orientation. Entretiens sans rdv, gratuits, confidentiels. Trois conseillers conjugaux et familiaux, une m\u00e9diatrice familiale sont \u00e9galement \u00e0 votre \u00e9coute lorsque vous traversez une p\u00e9riode difficile. Confiance, bienveillance, confidentialit\u00e9, respect de chacun. Renseignements : https:\/\/www.maisondesfamillessaintfrancois.fr 1 parvis Jean-Paul-II 92100 Boulogne-Billancourt Contact :01 47 61 13 80<\/p>\n","protected":false},"author":1,"featured_media":0,"parent":0,"menu_order":0,"comment_status":"closed","ping_status":"closed","template":"","meta":{"_seopress_robots_primary_cat":"","_seopress_titles_title":"","_seopress_titles_desc":"","_seopress_robots_index":"","jetpack_post_was_ever_published":false,"footnotes":""},"class_list":["post-2332","page","type-page","status-publish","hentry"],"jetpack_sharing_enabled":true,"jetpack_shortlink":"https:\/\/wp.me\/P8QOZc-BC","jetpack_likes_enabled":true,"_links":{"self":[{"href":"https:\/\/paroisses-chatenay.fr\/stgermain\/wp-json\/wp\/v2\/pages\/2332","targetHints":{"allow":["GET"]}}],"collection":[{"href":"https:\/\/paroisses-chatenay.fr\/stgermain\/wp-json\/wp\/v2\/pages"}],"about":[{"href":"https:\/\/paroisses-chatenay.fr\/stgermain\/wp-json\/wp\/v2\/types\/page"}],"author":[{"embeddable":true,"href":"https:\/\/paroisses-chatenay.fr\/stgermain\/wp-json\/wp\/v2\/users\/1"}],"replies":[{"embeddable":true,"href":"https:\/\/paroisses-chatenay.fr\/stgermain\/wp-json\/wp\/v2\/comments?post=2332"}],"version-history":[{"count":6,"href":"https:\/\/paroisses-chatenay.fr\/stgermain\/wp-json\/wp\/v2\/pages\/2332\/revisions"}],"predecessor-version":[{"id":10824,"href":"https:\/\/paroisses-chatenay.fr\/stgermain\/wp-json\/wp\/v2\/pages\/2332\/revisions\/10824"}],"wp:attachment":[{"href":"https:\/\/paroisses-chatenay.fr\/stgermain\/wp-json\/wp\/v2\/media?parent=2332"}],"curies":[{"name":"wp","href":"https:\/\/api.w.org\/{rel}","templated":true}]}}