{"id":2357,"date":"2018-06-24T18:53:59","date_gmt":"2018-06-24T16:53:59","guid":{"rendered":"http:\/\/www.paroisses-chatenay.fr\/stgermain\/?page_id=2357"},"modified":"2020-07-11T09:12:52","modified_gmt":"2020-07-11T07:12:52","slug":"tableau-des-lecteurs","status":"publish","type":"page","link":"https:\/\/paroisses-chatenay.fr\/stgermain\/tableau-des-lecteurs\/","title":{"rendered":"Tableau Des Lecteurs"},"content":{"rendered":"<p><a href=\"https:\/\/docs.google.com\/spreadsheets\/d\/1M0SaNcHIOY2J5x07Jpgtexl6bISm4OxEojqkwUbXeEg\/edit#gid=0\" target=\"_blank\" rel=\"noopener noreferrer\">Pour acc\u00e8der au tableau des lecteurs et des \u00e9quipes sanitaire et d&rsquo;accueil (5 personnes) Se pr\u00e9senter 30 mn avant la messe) , suivre le lien.<\/a><\/p>\n<p>Pour modifier le tableau des lecteurs : demander l&rsquo;acc\u00e8s.<\/p>\n<p>Un aper\u00e7u du contenu actuel.<\/p>\n<p><iframe loading=\"lazy\" src=\"https:\/\/docs.google.com\/spreadsheets\/d\/e\/2PACX-1vQ50Kc9iMfj897lcU24hg8TuaRCXKVjcoh9Vclc3ehGEbTiR1Kl0KhTA7YIrgEqpE7OVfaBVJZyroGi\/pubhtml?widget=true&amp;headers=false\" width=\"2000\" height=\"200\"><span style=\"display: inline-block; width: 0px; overflow: hidden; line-height: 0;\" data-mce-type=\"bookmark\" class=\"mce_SELRES_start\">\ufeff<\/span><span style=\"display: inline-block; width: 0px; overflow: hidden; line-height: 0;\" data-mce-type=\"bookmark\" class=\"mce_SELRES_start\">\ufeff<\/span><span style=\"display: inline-block; width: 0px; overflow: hidden; line-height: 0;\" data-mce-type=\"bookmark\" class=\"mce_SELRES_start\">\ufeff<\/span><span style=\"display: inline-block; width: 0px; overflow: hidden; line-height: 0;\" data-mce-type=\"bookmark\" class=\"mce_SELRES_start\">\ufeff<\/span><span style=\"display: inline-block; width: 0px; overflow: hidden; line-height: 0;\" data-mce-type=\"bookmark\" class=\"mce_SELRES_start\">\ufeff<\/span><span style=\"display: inline-block; width: 0px; overflow: hidden; line-height: 0;\" data-mce-type=\"bookmark\" class=\"mce_SELRES_start\">\ufeff<\/span><\/iframe><\/p>\n","protected":false},"excerpt":{"rendered":"<p>Pour acc\u00e8der au tableau des lecteurs et des \u00e9quipes sanitaire et d&rsquo;accueil (5 personnes) Se pr\u00e9senter 30 mn avant la messe) , suivre le lien. Pour modifier le tableau des lecteurs : demander l&rsquo;acc\u00e8s. Un aper\u00e7u du contenu actuel. \ufeff\ufeff\ufeff\ufeff\ufeff\ufeff<\/p>\n","protected":false},"author":1,"featured_media":0,"parent":0,"menu_order":0,"comment_status":"closed","ping_status":"closed","template":"","meta":{"_seopress_robots_primary_cat":"","_seopress_titles_title":"","_seopress_titles_desc":"","_seopress_robots_index":"","jetpack_post_was_ever_published":false,"footnotes":""},"class_list":["post-2357","page","type-page","status-publish","hentry"],"jetpack_sharing_enabled":true,"jetpack_shortlink":"https:\/\/wp.me\/P8QOZc-C1","jetpack_likes_enabled":true,"_links":{"self":[{"href":"https:\/\/paroisses-chatenay.fr\/stgermain\/wp-json\/wp\/v2\/pages\/2357","targetHints":{"allow":["GET"]}}],"collection":[{"href":"https:\/\/paroisses-chatenay.fr\/stgermain\/wp-json\/wp\/v2\/pages"}],"about":[{"href":"https:\/\/paroisses-chatenay.fr\/stgermain\/wp-json\/wp\/v2\/types\/page"}],"author":[{"embeddable":true,"href":"https:\/\/paroisses-chatenay.fr\/stgermain\/wp-json\/wp\/v2\/users\/1"}],"replies":[{"embeddable":true,"href":"https:\/\/paroisses-chatenay.fr\/stgermain\/wp-json\/wp\/v2\/comments?post=2357"}],"version-history":[{"count":16,"href":"https:\/\/paroisses-chatenay.fr\/stgermain\/wp-json\/wp\/v2\/pages\/2357\/revisions"}],"predecessor-version":[{"id":6198,"href":"https:\/\/paroisses-chatenay.fr\/stgermain\/wp-json\/wp\/v2\/pages\/2357\/revisions\/6198"}],"wp:attachment":[{"href":"https:\/\/paroisses-chatenay.fr\/stgermain\/wp-json\/wp\/v2\/media?parent=2357"}],"curies":[{"name":"wp","href":"https:\/\/api.w.org\/{rel}","templated":true}]}}