{"id":236,"date":"2017-03-05T21:29:50","date_gmt":"2017-03-05T20:29:50","guid":{"rendered":"http:\/\/www.paroisses-chatenay.fr\/stgermain\/?page_id=236"},"modified":"2025-12-01T17:34:53","modified_gmt":"2025-12-01T16:34:53","slug":"eveil-a-la-foi-3-7-ans","status":"publish","type":"page","link":"https:\/\/paroisses-chatenay.fr\/stgermain\/eveil-a-la-foi-3-7-ans\/","title":{"rendered":"Eveil \u00e0 la Foi (3 &#8211; 7 ans)"},"content":{"rendered":"<p><strong>L\u2019\u00e9veil \u00e0 la foi a lieu le <span style=\"color: #0000ff;\">dimanche pendant la messe de 10h30<\/span>.<\/strong><\/p>\n<p>Avant la liturgie de la Parole, les <i><b>enfants de 3 \u00e0 7 ans<\/b><\/i> sont invit\u00e9s \u00e0 rejoindre les parents animateurs pour un <b><i>temps de partage et de d\u00e9couverte de J\u00e9sus<\/i><\/b>.<\/p>\n<p>Les dates de l&rsquo;\u00e9veil \u00e0 la Foi pour <span style=\"color: #0000ff;\"><strong>2025\/2026<\/strong><\/span>:<\/p>\n<p style=\"text-align: center;\"><strong><span style=\"color: #0000ff;\">S\u00e9ance 12\/10\/2025 <\/span><\/strong><br \/><strong><span style=\"color: #0000ff;\">S\u00e9ance 30\/11\/2025 <\/span><\/strong><br \/><strong><span style=\"color: #0000ff;\">S\u00e9ance 14\/12\/2025 <\/span><\/strong><br \/><strong><span style=\"color: #0000ff;\">S\u00e9ance 18\/01\/2026 <\/span><\/strong><br \/><strong><span style=\"color: #0000ff;\">S\u00e9ance 15\/02\/2026 <\/span><\/strong><br \/><strong><span style=\"color: #0000ff;\">S\u00e9ance 29\/03\/2026 <\/span><\/strong><br \/><strong><span style=\"color: #0000ff;\">S\u00e9ance 12\/04\/2026 <\/span><\/strong><br \/><strong><span style=\"color: #0000ff;\">S\u00e9ance 31\/05\/2026<\/span><\/strong><br \/><strong><span style=\"color: #0000ff;\">S\u00e9ance 21\/06\/2026<\/span><\/strong><\/p>\n<p style=\"text-align: center;\"><br \/>Pour avoir plus d&rsquo;info:\u00a0<strong> \u00a0eveilalafoi@saintgermainchatenay.fr<\/strong><\/p>\n<p><img data-recalc-dims=\"1\" loading=\"lazy\" decoding=\"async\" data-attachment-id=\"12248\" data-permalink=\"https:\/\/paroisses-chatenay.fr\/stgermain\/eveil-a-la-foi-3-7-ans\/capture-decran-2025-12-01-172627\/#main\" data-orig-file=\"https:\/\/i0.wp.com\/paroisses-chatenay.fr\/stgermain\/wp-content\/uploads\/2025\/12\/Capture-decran-2025-12-01-172627.jpg?fit=1123%2C733&amp;ssl=1\" data-orig-size=\"1123,733\" data-comments-opened=\"0\" data-image-meta=\"{&quot;aperture&quot;:&quot;0&quot;,&quot;credit&quot;:&quot;&quot;,&quot;camera&quot;:&quot;&quot;,&quot;caption&quot;:&quot;&quot;,&quot;created_timestamp&quot;:&quot;0&quot;,&quot;copyright&quot;:&quot;&quot;,&quot;focal_length&quot;:&quot;0&quot;,&quot;iso&quot;:&quot;0&quot;,&quot;shutter_speed&quot;:&quot;0&quot;,&quot;title&quot;:&quot;&quot;,&quot;orientation&quot;:&quot;0&quot;}\" data-image-title=\"Capture d\u2019\u00e9cran 2025-12-01 172627\" data-image-description=\"\" data-image-caption=\"\" data-large-file=\"https:\/\/i0.wp.com\/paroisses-chatenay.fr\/stgermain\/wp-content\/uploads\/2025\/12\/Capture-decran-2025-12-01-172627.jpg?fit=540%2C352&amp;ssl=1\" class=\"alignnone size-large wp-image-12248\" src=\"https:\/\/i0.wp.com\/paroisses-chatenay.fr\/stgermain\/wp-content\/uploads\/2025\/12\/Capture-decran-2025-12-01-172627.jpg?resize=540%2C352&#038;ssl=1\" alt=\"\" width=\"540\" height=\"352\" srcset=\"https:\/\/i0.wp.com\/paroisses-chatenay.fr\/stgermain\/wp-content\/uploads\/2025\/12\/Capture-decran-2025-12-01-172627.jpg?resize=1024%2C668&amp;ssl=1 1024w, https:\/\/i0.wp.com\/paroisses-chatenay.fr\/stgermain\/wp-content\/uploads\/2025\/12\/Capture-decran-2025-12-01-172627.jpg?resize=300%2C196&amp;ssl=1 300w, https:\/\/i0.wp.com\/paroisses-chatenay.fr\/stgermain\/wp-content\/uploads\/2025\/12\/Capture-decran-2025-12-01-172627.jpg?resize=768%2C501&amp;ssl=1 768w, https:\/\/i0.wp.com\/paroisses-chatenay.fr\/stgermain\/wp-content\/uploads\/2025\/12\/Capture-decran-2025-12-01-172627.jpg?w=1123&amp;ssl=1 1123w\" sizes=\"auto, (max-width: 540px) 100vw, 540px\" \/><\/p>\n<p><i><b>Pour aller plus loin &#8230;<br \/><\/b><\/i><br \/>L&rsquo;\u00e9veil \u00e0 la foi consiste \u00e0 faire d\u00e9couvrir \u00e0 l&rsquo;enfant qu&rsquo;il est aim\u00e9 de Dieu. L&rsquo;enfant a une simplicit\u00e9 r\u00e9elle de parler \u00e0 J\u00e9sus; nous essayons donc de les aider \u00e0 entretenir cette simplicit\u00e9 avec J\u00e9sus.<\/p>\n<p>La pri\u00e8re nous semble, en tant que parents, tr\u00e8s importante et nous souhaitons essayer de leur donner le go\u00fbt de prier.<\/p>\n<p>Nous faisons avec eux un partage de ce qui est important pour nous tout en restant \u00e0 la limite de la cat\u00e9ch\u00e8se car notre r\u00f4le n&rsquo;est pas de faire du cat\u00e9chisme mais d&rsquo;\u00e9veiller \u00e0 la foi. Notre r\u00f4le d&rsquo;annoncer l\u2019\u00c9vangile aux enfants est une responsabilit\u00e9 forte.<\/p>\n<p>On se rend compte que les enfants parlent facilement de J\u00e9sus, ils n&rsquo;h\u00e9sitent pas par exemple\u00a0\u00e0 demander \u00e0 leurs amis pourquoi ils ne viennent pas \u00e0 la messe, \u00e0 chanter \u00e0 tue t\u00eate dans la rue un all\u00e9luia ou un autre chant appris \u00e0 l&rsquo;\u00e9veil \u00e0 la foi.<\/p>\n\n\n<p><\/p>\n","protected":false},"excerpt":{"rendered":"<p>L\u2019\u00e9veil \u00e0 la foi a lieu le dimanche pendant la messe de 10h30. Avant la liturgie de la Parole, les enfants de 3 \u00e0 7 ans sont invit\u00e9s \u00e0 rejoindre les parents animateurs pour un temps de partage et de d\u00e9couverte de J\u00e9sus. Les dates de l&rsquo;\u00e9veil \u00e0 la Foi pour 2025\/2026: S\u00e9ance 12\/10\/2025 S\u00e9ance 30\/11\/2025 S\u00e9ance 14\/12\/2025 S\u00e9ance 18\/01\/2026 S\u00e9ance 15\/02\/2026 S\u00e9ance 29\/03\/2026 S\u00e9ance 12\/04\/2026 S\u00e9ance 31\/05\/2026S\u00e9ance 21\/06\/2026 Pour avoir plus d&rsquo;info:\u00a0 \u00a0eveilalafoi@saintgermainchatenay.fr Pour aller plus loin &#8230;L&rsquo;\u00e9veil \u00e0 <a class=\"more-link\" href=\"https:\/\/paroisses-chatenay.fr\/stgermain\/eveil-a-la-foi-3-7-ans\/\">Lire plus &#8230;<\/a><\/p>\n","protected":false},"author":1,"featured_media":0,"parent":0,"menu_order":0,"comment_status":"closed","ping_status":"closed","template":"","meta":{"_seopress_robots_primary_cat":"","_seopress_titles_title":"","_seopress_titles_desc":"","_seopress_robots_index":"","jetpack_post_was_ever_published":false,"footnotes":""},"class_list":["post-236","page","type-page","status-publish","hentry"],"jetpack_sharing_enabled":true,"jetpack_shortlink":"https:\/\/wp.me\/P8QOZc-3O","jetpack_likes_enabled":true,"_links":{"self":[{"href":"https:\/\/paroisses-chatenay.fr\/stgermain\/wp-json\/wp\/v2\/pages\/236","targetHints":{"allow":["GET"]}}],"collection":[{"href":"https:\/\/paroisses-chatenay.fr\/stgermain\/wp-json\/wp\/v2\/pages"}],"about":[{"href":"https:\/\/paroisses-chatenay.fr\/stgermain\/wp-json\/wp\/v2\/types\/page"}],"author":[{"embeddable":true,"href":"https:\/\/paroisses-chatenay.fr\/stgermain\/wp-json\/wp\/v2\/users\/1"}],"replies":[{"embeddable":true,"href":"https:\/\/paroisses-chatenay.fr\/stgermain\/wp-json\/wp\/v2\/comments?post=236"}],"version-history":[{"count":13,"href":"https:\/\/paroisses-chatenay.fr\/stgermain\/wp-json\/wp\/v2\/pages\/236\/revisions"}],"predecessor-version":[{"id":12253,"href":"https:\/\/paroisses-chatenay.fr\/stgermain\/wp-json\/wp\/v2\/pages\/236\/revisions\/12253"}],"wp:attachment":[{"href":"https:\/\/paroisses-chatenay.fr\/stgermain\/wp-json\/wp\/v2\/media?parent=236"}],"curies":[{"name":"wp","href":"https:\/\/api.w.org\/{rel}","templated":true}]}}