{"id":237,"date":"2017-03-05T21:29:50","date_gmt":"2017-03-05T20:29:50","guid":{"rendered":"http:\/\/www.paroisses-chatenay.fr\/stgermain\/?page_id=237"},"modified":"2025-12-03T10:13:21","modified_gmt":"2025-12-03T09:13:21","slug":"scouts-et-guides-de-france","status":"publish","type":"page","link":"https:\/\/paroisses-chatenay.fr\/stgermain\/scouts-et-guides-de-france\/","title":{"rendered":"Scouts et Guides de France"},"content":{"rendered":"<p>Les Scouts et Guides de France proposent \u00e0 des enfants, des jeunes, gar\u00e7ons et filles, de participer \u00e0 der projets et d\u2019apprendre \u00e0 vivre ensemble. Ils d\u00e9couvrent la responsabilit\u00e9, l\u2019autonomie, en m\u00eame temps qu\u2019ils construisent leur personnalit\u00e9 et d\u00e9veloppent leur talent.<img data-recalc-dims=\"1\" loading=\"lazy\" decoding=\"async\" data-attachment-id=\"283\" data-permalink=\"https:\/\/paroisses-chatenay.fr\/stgermain\/scouts-et-guides-de-france\/sgdf-rentree2009\/#main\" data-orig-file=\"https:\/\/i0.wp.com\/paroisses-chatenay.fr\/stgermain\/wp-content\/uploads\/2017\/03\/sgdf-rentree2009.jpg?fit=320%2C240&amp;ssl=1\" data-orig-size=\"320,240\" data-comments-opened=\"0\" data-image-meta=\"{&quot;aperture&quot;:&quot;0&quot;,&quot;credit&quot;:&quot;&quot;,&quot;camera&quot;:&quot;&quot;,&quot;caption&quot;:&quot;&quot;,&quot;created_timestamp&quot;:&quot;0&quot;,&quot;copyright&quot;:&quot;&quot;,&quot;focal_length&quot;:&quot;0&quot;,&quot;iso&quot;:&quot;0&quot;,&quot;shutter_speed&quot;:&quot;0&quot;,&quot;title&quot;:&quot;&quot;,&quot;orientation&quot;:&quot;0&quot;}\" data-image-title=\"sgdf-rentree2009\" data-image-description=\"\" data-image-caption=\"\" data-large-file=\"https:\/\/i0.wp.com\/paroisses-chatenay.fr\/stgermain\/wp-content\/uploads\/2017\/03\/sgdf-rentree2009.jpg?fit=320%2C240&amp;ssl=1\" class=\"size-medium wp-image-283 alignright\" src=\"https:\/\/i0.wp.com\/www.paroisses-chatenay.fr\/stgermain\/wp-content\/uploads\/2017\/03\/sgdf-rentree2009-300x225.jpg?resize=300%2C225\" alt=\"\" width=\"300\" height=\"225\" srcset=\"https:\/\/i0.wp.com\/paroisses-chatenay.fr\/stgermain\/wp-content\/uploads\/2017\/03\/sgdf-rentree2009.jpg?resize=300%2C225&amp;ssl=1 300w, https:\/\/i0.wp.com\/paroisses-chatenay.fr\/stgermain\/wp-content\/uploads\/2017\/03\/sgdf-rentree2009.jpg?w=320&amp;ssl=1 320w\" sizes=\"auto, (max-width: 300px) 100vw, 300px\" \/><\/p>\n<p>Mouvement catholique, reconnu d\u2019utilit\u00e9 publique, les Scouts et Guides de France proposent \u00e0 chaque jeune d\u2019avancer vers l\u2019avenir et de d\u00e9couvrir le sens de sa vie.<\/p>\n<p>Le scoutisme propose une p\u00e9dagogie adapt\u00e9e aux rythmes de la croissance de chaque jeune. Attentif aux sp\u00e9cificit\u00e9s des gar\u00e7ons et des filles, le scoutisme prend en compte les diff\u00e9rentes \u00e9tapes de l\u2019enfance, de l\u2019adolescence et de la vie adulte.<\/p>\n<p><strong>6 &#8211; 8 ans : la d\u00e9couverte<\/strong><br \/>Les <strong><em>farfadets <\/em><\/strong>: vivent un scoutisme adapt\u00e9 \u00e0 leur \u00e2ge, en petit groupe d\u2019une dizaine d\u2019enfants sous la responsabilit\u00e9 des parents. Ce sont eux qui animent les r\u00e9unions, \u00e0 tour de r\u00f4le aid\u00e9 par un adulte responsable form\u00e9 \u00e0 la p\u00e9dagogie scoute.<\/p>\n<p><strong>8 &#8211; 11 ans : le jeu<\/strong><br \/>Les <strong><em>louveteaux et jeannettes<\/em><\/strong> : imaginaire, grands jeux, activit\u00e9s de plein air rythment la vie d\u2019\u00e9quipe.<br \/><strong><br \/>11 \u2013 14 ans : l\u2019aventure<\/strong><br \/>Les <strong><em>scouts et les guides<\/em><\/strong> : choisir de mener \u00e0 bien des projets comme autant d\u2019aventures \u00e0 partager.<\/p>\n<p><strong>14 \u2013 17 ans : l\u2019initiative<\/strong><br \/>Les <strong><em>pionniers et les caravelles<\/em><\/strong> : choisi, organis\u00e9 et r\u00e9alis\u00e9 par les jeunes, le projet d\u2019ann\u00e9e (sportif, artistique, technique, de solidarit\u00e9) est appel\u00e9 Cap (Concevoir \u2013 Agir \u2013 Partag\u00e9).<\/p>\n<p><strong>17 \u2013 20 ans : la responsabilit\u00e9<\/strong><br \/>Les <strong><em>compagnons <\/em><\/strong>: organis\u00e9s \u00e0 la mani\u00e8re de micro-associations, les jeunes m\u00e8nent des projets de solidarit\u00e9 en France et \u00e0 l\u2019\u00e9tranger, en lien avec des associations partenaires.<\/p>\n<p>L\u2019ann\u00e9e se conclut par un moment fort, le camp. Une, deux ou trois semaines de vie commune, de projets \u00e0 mener, de rencontres et de partage.<\/p>\n<p>Notre \u00e9quipe de chefs et cheftaines n\u2019est pas encore\u00a0 compl\u00e8te ; nous renouvelons notre appel aux jeunes \u00e9tudiants attir\u00e9s par l\u2019encadrement et l\u2019animation des jeunes. En apprenant aux enfants et aux adolescents\u00a0 \u00e0 vivre et r\u00e9ussir en commun, les jeunes responsables trouvent dans le scoutisme l\u2019opportunit\u00e9 d\u2019exercer des responsabilit\u00e9s.<\/p>\n<p>L\u2019accompagnement spirituel est assur\u00e9 par <a href=\"https:\/\/paroisses-chatenay.fr\/stgermain\/pretres-et-diacre\/\">Mr. Jean-Marie parant, Diacre<\/a>.<\/p>\n<p>\u00a0<\/p>\n<p>Pour plus d&rsquo;informations sur le mouvement: <strong><span style=\"color: #0000ff;\">rgl.scouts.chatenay@gmail.com\u00a0<\/span><\/strong><\/p>\n\n\n<p><\/p>\n","protected":false},"excerpt":{"rendered":"<p>Les Scouts et Guides de France proposent \u00e0 des enfants, des jeunes, gar\u00e7ons et filles, de participer \u00e0 der projets et d\u2019apprendre \u00e0 vivre ensemble. Ils d\u00e9couvrent la responsabilit\u00e9, l\u2019autonomie, en m\u00eame temps qu\u2019ils construisent leur personnalit\u00e9 et d\u00e9veloppent leur talent. Mouvement catholique, reconnu d\u2019utilit\u00e9 publique, les Scouts et Guides de France proposent \u00e0 chaque jeune d\u2019avancer vers l\u2019avenir et de d\u00e9couvrir le sens de sa vie. Le scoutisme propose une p\u00e9dagogie adapt\u00e9e aux rythmes de la croissance de chaque <a class=\"more-link\" href=\"https:\/\/paroisses-chatenay.fr\/stgermain\/scouts-et-guides-de-france\/\">Lire plus &#8230;<\/a><\/p>\n","protected":false},"author":1,"featured_media":0,"parent":0,"menu_order":0,"comment_status":"closed","ping_status":"closed","template":"","meta":{"_seopress_robots_primary_cat":"","_seopress_titles_title":"","_seopress_titles_desc":"","_seopress_robots_index":"","jetpack_post_was_ever_published":false,"footnotes":""},"class_list":["post-237","page","type-page","status-publish","hentry"],"jetpack_sharing_enabled":true,"jetpack_shortlink":"https:\/\/wp.me\/P8QOZc-3P","jetpack_likes_enabled":true,"_links":{"self":[{"href":"https:\/\/paroisses-chatenay.fr\/stgermain\/wp-json\/wp\/v2\/pages\/237","targetHints":{"allow":["GET"]}}],"collection":[{"href":"https:\/\/paroisses-chatenay.fr\/stgermain\/wp-json\/wp\/v2\/pages"}],"about":[{"href":"https:\/\/paroisses-chatenay.fr\/stgermain\/wp-json\/wp\/v2\/types\/page"}],"author":[{"embeddable":true,"href":"https:\/\/paroisses-chatenay.fr\/stgermain\/wp-json\/wp\/v2\/users\/1"}],"replies":[{"embeddable":true,"href":"https:\/\/paroisses-chatenay.fr\/stgermain\/wp-json\/wp\/v2\/comments?post=237"}],"version-history":[{"count":7,"href":"https:\/\/paroisses-chatenay.fr\/stgermain\/wp-json\/wp\/v2\/pages\/237\/revisions"}],"predecessor-version":[{"id":12288,"href":"https:\/\/paroisses-chatenay.fr\/stgermain\/wp-json\/wp\/v2\/pages\/237\/revisions\/12288"}],"wp:attachment":[{"href":"https:\/\/paroisses-chatenay.fr\/stgermain\/wp-json\/wp\/v2\/media?parent=237"}],"curies":[{"name":"wp","href":"https:\/\/api.w.org\/{rel}","templated":true}]}}