{"id":352,"date":"2017-03-12T12:19:46","date_gmt":"2017-03-12T11:19:46","guid":{"rendered":"http:\/\/www.paroisses-chatenay.fr\/stgermain\/?page_id=352"},"modified":"2024-10-28T21:14:32","modified_gmt":"2024-10-28T20:14:32","slug":"ordination","status":"publish","type":"page","link":"https:\/\/paroisses-chatenay.fr\/stgermain\/ordination\/","title":{"rendered":"Ordination"},"content":{"rendered":"<p>Le site <a href=\"http:\/\/www.mavocation.org\/\"><b>mavocation.org<\/b><\/a> contient les informations pratiques pour permettre de participer aux \u00e9v\u00e9nements vocationnels des Eglises de Paris et Nanterre ou de les revivre :<br \/>\n&#8211; ordination de pr\u00eatre ou de diacre,<br \/>\n&#8211; Journ\u00e9e de Pri\u00e8re pour les vocations,<br \/>\n&#8211; Journ\u00e9es Mondiales de la Jeunesse,<br \/>\n&#8211; f\u00eate de la vie consacr\u00e9e,<br \/>\n&#8211; ann\u00e9e sacerdotale&#8230;<\/p>\n<p>On y trouve des t\u00e9moignages, des vid\u00e9os &#8230; A d\u00e9couvrir.<\/p>\n","protected":false},"excerpt":{"rendered":"<p>Le site mavocation.org contient les informations pratiques pour permettre de participer aux \u00e9v\u00e9nements vocationnels des Eglises de Paris et Nanterre ou de les revivre : &#8211; ordination de pr\u00eatre ou de diacre, &#8211; Journ\u00e9e de Pri\u00e8re pour les vocations, &#8211; Journ\u00e9es Mondiales de la Jeunesse, &#8211; f\u00eate de la vie consacr\u00e9e, &#8211; ann\u00e9e sacerdotale&#8230; On y trouve des t\u00e9moignages, des vid\u00e9os &#8230; A d\u00e9couvrir.<\/p>\n","protected":false},"author":1,"featured_media":0,"parent":0,"menu_order":0,"comment_status":"closed","ping_status":"closed","template":"","meta":{"_seopress_robots_primary_cat":"","_seopress_titles_title":"","_seopress_titles_desc":"","_seopress_robots_index":"","jetpack_post_was_ever_published":false,"footnotes":""},"class_list":["post-352","page","type-page","status-publish","hentry"],"jetpack_sharing_enabled":true,"jetpack_shortlink":"https:\/\/wp.me\/P8QOZc-5G","jetpack_likes_enabled":true,"_links":{"self":[{"href":"https:\/\/paroisses-chatenay.fr\/stgermain\/wp-json\/wp\/v2\/pages\/352","targetHints":{"allow":["GET"]}}],"collection":[{"href":"https:\/\/paroisses-chatenay.fr\/stgermain\/wp-json\/wp\/v2\/pages"}],"about":[{"href":"https:\/\/paroisses-chatenay.fr\/stgermain\/wp-json\/wp\/v2\/types\/page"}],"author":[{"embeddable":true,"href":"https:\/\/paroisses-chatenay.fr\/stgermain\/wp-json\/wp\/v2\/users\/1"}],"replies":[{"embeddable":true,"href":"https:\/\/paroisses-chatenay.fr\/stgermain\/wp-json\/wp\/v2\/comments?post=352"}],"version-history":[{"count":3,"href":"https:\/\/paroisses-chatenay.fr\/stgermain\/wp-json\/wp\/v2\/pages\/352\/revisions"}],"predecessor-version":[{"id":11190,"href":"https:\/\/paroisses-chatenay.fr\/stgermain\/wp-json\/wp\/v2\/pages\/352\/revisions\/11190"}],"wp:attachment":[{"href":"https:\/\/paroisses-chatenay.fr\/stgermain\/wp-json\/wp\/v2\/media?parent=352"}],"curies":[{"name":"wp","href":"https:\/\/api.w.org\/{rel}","templated":true}]}}