{"id":355,"date":"2017-03-12T12:19:46","date_gmt":"2017-03-12T11:19:46","guid":{"rendered":"http:\/\/www.paroisses-chatenay.fr\/stgermain\/?page_id=355"},"modified":"2026-03-01T19:58:15","modified_gmt":"2026-03-01T18:58:15","slug":"mariage","status":"publish","type":"page","link":"https:\/\/paroisses-chatenay.fr\/stgermain\/mariage\/","title":{"rendered":"Mariage"},"content":{"rendered":"<p>Pour les chr\u00e9tiens catholiques, le mariage est un sacrement dont la pr\u00e9paration rev\u00eat une grande importance. Le mariage chr\u00e9tien est l\u2019union librement consentie de deux personnes qui s\u2019engagent dans un amour conjugal fid\u00e8le, qu\u2019aucun \u00e9v\u00e9nement de cette vie ne saurait d\u00e9truire.<\/p>\n<p>La particularit\u00e9 du mariage chr\u00e9tien repose sur un engagement r\u00e9ciproque pour toute la vie. De plus, le jour de votre mariage,\u00a0<strong>Dieu s\u2019engage avec vous\u00a0<\/strong>: si vous le souhaitez, Il vous donnera la force de vous aimer toujours.<\/p>\n<p>La pr\u00e9paration au mariage est une occasion pr\u00e9cieuse de r\u00e9fl\u00e9chir aux questions essentielles li\u00e9es \u00e0 l\u2019engagement que vous souhaitez prendre, au sens que vous donnez \u00e0 votre couple et \u00e0 votre future famille.<\/p>\n<p>Les couples d\u00e9sirant c\u00e9l\u00e9brer leur mariage religieusement et recevoir le sacrement sont accompagn\u00e9s par un pr\u00eatre ou un diacre qu\u2019ils rencontreront \u00e0 plusieurs reprises, ainsi que par les couples animateurs du CPM (Centre de Pr\u00e9paration au Mariage).<\/p>\n<p>Le CPM constitue le volet collectif de la pr\u00e9paration au mariage. Chaque session r\u00e9unit au centre paroissial de l\u2019\u00e9glise Saint Germain-Auxerrois une petite dizaine de couples issus des trois paroisses de Ch\u00e2tenay.<\/p>\n<p>Nous proposons deux sessions par ann\u00e9e liturgique repartis sur les mois suivants :<\/p>\n<ul>\n<li>F\u00e9vrier \u00e0 avril<\/li>\n<li>Septembre \u00e0 d\u00e9cembre<\/li>\n<\/ul>\n<p>Les sessions s\u2019articulent autour de cinq rencontres : quatre samedis apr\u00e8s\u2011midi de 14h \u00e0\u00a018h, puis un dernier samedi de 15h \u00e0\u00a023h.<\/p>\n<p>Ce parcours permet aux fianc\u00e9s d\u2019approfondir les quatre piliers du mariage catholique :\u00a0<strong><em>la libert\u00e9, la fid\u00e9lit\u00e9, l\u2019indissolubilit\u00e9 et la f\u00e9condit\u00e9<\/em>.<\/strong><\/p>\n<p>Chaque rencontre est anim\u00e9e par un couple animateur et comprend des temps d\u2019expos\u00e9, de partage en couple, de travail en petits groupes.<\/p>\n<p>La convivialit\u00e9 tient \u00e9galement une place essentielle : la session d\u00e9bute par un accueil autour d\u2019un go\u00fbter et lors de la derni\u00e8re rencontre, un d\u00eener convivial \u2014 toujours tr\u00e8s appr\u00e9ci\u00e9 des fianc\u00e9s \u2014 est organis\u00e9.<\/p>\n<p>Nous proposons \u00e9galement une visite comment\u00e9e de l\u2019\u00e9glise Saint-Germain-L\u2019auxerrois, pr\u00e9sentant son histoire et ses diff\u00e9rents espaces liturgiques (nef, ambon, autel, tabernacle). Cette d\u00e9couverte offre une courte cat\u00e9ch\u00e8se sur le sens de l\u2019Eucharistie.<\/p>\n<p>A chaque rencontre, les fianc\u00e9s sont invit\u00e9s \u00e0 participer de la messe du samedi \u00e0 18h30.<\/p>\n<p>Vous serez \u00e9galement convi\u00e9s par notre \u00e9v\u00eaque \u00e0 participer \u00e0 la Journ\u00e9e des fianc\u00e9s, un \u00e9v\u00e9nement dioc\u00e9sain qui se tient chaque ann\u00e9e au mois de mars. Cette rencontre rassemble l\u2019ensemble des couples en chemin vers le mariage et offre un temps privil\u00e9gi\u00e9 de r\u00e9flexion, de pri\u00e8re et de partage, pour approfondir le sens de votre engagement et vous pr\u00e9parer \u00e0 recevoir le sacrement avec joie et s\u00e9r\u00e9nit\u00e9.<\/p>\n<p>Le CPM est anim\u00e9 par cinq couples b\u00e9n\u00e9voles, engag\u00e9s et passionn\u00e9s, qui mettent leur exp\u00e9rience et leur bienveillance au service des fianc\u00e9s pour les accompagner avec \u00e9coute, joie et profondeur dans la pr\u00e9paration de leur mariage\u00a0:<\/p>\n<ul>\n<li>Alexandre et Grazielle<\/li>\n<li>Fran\u00e7ois et Danielle<\/li>\n<li>Caroline et Jean\u2011Marie<\/li>\n<li>Sandra et Mickael<\/li>\n<li>Vanessa et Paul<\/li>\n<\/ul>\n<p><strong><em>\u00ab Vivre ensemble est un art, un patient, beau et fascinant voyage. Il ne s&rsquo;arr\u00eate pas une fois que vous avez gagn\u00e9 l&rsquo;amour de l&rsquo;autre\u2026 Au contraire, c&rsquo;est pr\u00e9cis\u00e9ment l\u00e0 o\u00f9 il commence !\u00bb<\/em><\/strong><\/p>\n<p><strong><em>Pape Fran\u00e7ois<\/em><\/strong><\/p>\n<p><strong>Inscriptions\u00a0:<\/strong><\/p>\n<p><span style=\"color: #ff0000;\">Nous vous demandons de vous inscrire un\u00a0<strong><em>an avant la date souhait\u00e9e de votre mariage<\/em><\/strong>, et cela pour plusieurs raisons essentielles :<\/span><\/p>\n<p><strong><u>Pour vous garantir un accompagnement de qualit\u00e9\u00a0:<\/u><\/strong><\/p>\n<p>La pr\u00e9paration au mariage demande du temps : rencontres avec le pr\u00eatre ou le diacre, participation au parcours du CPM, r\u00e9flexion personnelle et en couple\u2026<\/p>\n<p>Inscrire votre demande suffisamment t\u00f4t permet de vivre pleinement ce cheminement, sans pr\u00e9cipitation.<\/p>\n<p><strong><u>Pour assurer une bonne organisation de la paroisse\u00a0:<\/u><\/strong><\/p>\n<p>Les dates de c\u00e9l\u00e9bration sont limit\u00e9es et souvent tr\u00e8s demand\u00e9es.<\/p>\n<p>Une inscription anticip\u00e9e nous permet de planifier les calendriers, de vous proposer une date qui vous convient et de pr\u00e9parer la c\u00e9r\u00e9monie dans les meilleures conditions.<\/p>\n<p><strong><u>Pour vous laisser le temps de m\u00fbrir votre engagement\u00a0:<\/u><\/strong><\/p>\n<p>Le sacrement du mariage est un engagement profond et d\u00e9finitif.<\/p>\n<p>S\u2019inscrire un an \u00e0 l\u2019avance vous donne l\u2019occasion de r\u00e9fl\u00e9chir, d\u2019\u00e9changer et de vous pr\u00e9parer sereinement, en prenant le temps de poser les bonnes questions pour construire un mariage solide et harmonieux.<\/p>\n<p><strong><u>Pour que le parcours de pr\u00e9paration puisse \u00eatre suivi dans son int\u00e9gralit\u00e9\u00a0:<\/u><\/strong><\/p>\n<p>Le CPM propose un vrai chemin, r\u00e9parti sur plusieurs rencontres.<\/p>\n<p>S\u2019inscrire t\u00f4t garantit que vous pourrez participer \u00e0 une session compl\u00e8te, indispensable pour recevoir le sacrement.<\/p>\n<p><strong>Pour plus d\u2019informations :<\/strong><\/p>\n<p>Vous pouvez envoyer un courriel \u00e0 :\u00a0<strong>cpmchatenay@gmail.com<\/strong><\/p>\n<p><strong>Pour s\u2019inscrire :<\/strong><\/p>\n<p>Remplissez le formulaire ci\u2011dessous \ud83d\udc47\ud83c\udffc<\/p>\n<p><iframe loading=\"lazy\" src=\"https:\/\/docs.google.com\/forms\/d\/e\/1FAIpQLSfwLlWhBcKl-WaLVhwmng72bzki-rblh36Sqs_p2YEhuVUnvQ\/viewform?embedded=true\" width=\"640\" height=\"1471\" frameborder=\"0\" marginwidth=\"0\" marginheight=\"0\">Chargement\u2026<\/iframe><\/p>\n<p><span style=\"color: #339966;\"><strong>Le sacrement du mariage : <span style=\"color: #000000;\"><em>magnifier l&rsquo;amour<\/em><\/span><\/strong><\/span><br \/>\nLe mariage sanctifie l&rsquo;amour d&rsquo;une femme et d&rsquo;un homme, pour en faire un signe visible de la pr\u00e9sence et de l&rsquo;amour de Dieu pour les hommes. Le consentement de chaque \u00e9poux fait le mariage<\/p>\n<ul>\n<li>Un geste : l&rsquo;\u00e9change des alliances<\/li>\n<li>Une parole : l&rsquo;\u00e9change du consentement des \u00e9poux<\/li>\n<\/ul>\n","protected":false},"excerpt":{"rendered":"<p>Pour les chr\u00e9tiens catholiques, le mariage est un sacrement dont la pr\u00e9paration rev\u00eat une grande importance. Le mariage chr\u00e9tien est l\u2019union librement consentie de deux personnes qui s\u2019engagent dans un amour conjugal fid\u00e8le, qu\u2019aucun \u00e9v\u00e9nement de cette vie ne saurait d\u00e9truire. La particularit\u00e9 du mariage chr\u00e9tien repose sur un engagement r\u00e9ciproque pour toute la vie. De plus, le jour de votre mariage,\u00a0Dieu s\u2019engage avec vous\u00a0: si vous le souhaitez, Il vous donnera la force de vous aimer toujours. La pr\u00e9paration <a class=\"more-link\" href=\"https:\/\/paroisses-chatenay.fr\/stgermain\/mariage\/\">Lire plus &#8230;<\/a><\/p>\n","protected":false},"author":1,"featured_media":0,"parent":0,"menu_order":0,"comment_status":"closed","ping_status":"closed","template":"","meta":{"_seopress_robots_primary_cat":"","_seopress_titles_title":"","_seopress_titles_desc":"","_seopress_robots_index":"","jetpack_post_was_ever_published":false,"footnotes":""},"class_list":["post-355","page","type-page","status-publish","hentry"],"jetpack_sharing_enabled":true,"jetpack_shortlink":"https:\/\/wp.me\/P8QOZc-5J","jetpack_likes_enabled":true,"_links":{"self":[{"href":"https:\/\/paroisses-chatenay.fr\/stgermain\/wp-json\/wp\/v2\/pages\/355","targetHints":{"allow":["GET"]}}],"collection":[{"href":"https:\/\/paroisses-chatenay.fr\/stgermain\/wp-json\/wp\/v2\/pages"}],"about":[{"href":"https:\/\/paroisses-chatenay.fr\/stgermain\/wp-json\/wp\/v2\/types\/page"}],"author":[{"embeddable":true,"href":"https:\/\/paroisses-chatenay.fr\/stgermain\/wp-json\/wp\/v2\/users\/1"}],"replies":[{"embeddable":true,"href":"https:\/\/paroisses-chatenay.fr\/stgermain\/wp-json\/wp\/v2\/comments?post=355"}],"version-history":[{"count":13,"href":"https:\/\/paroisses-chatenay.fr\/stgermain\/wp-json\/wp\/v2\/pages\/355\/revisions"}],"predecessor-version":[{"id":12430,"href":"https:\/\/paroisses-chatenay.fr\/stgermain\/wp-json\/wp\/v2\/pages\/355\/revisions\/12430"}],"wp:attachment":[{"href":"https:\/\/paroisses-chatenay.fr\/stgermain\/wp-json\/wp\/v2\/media?parent=355"}],"curies":[{"name":"wp","href":"https:\/\/api.w.org\/{rel}","templated":true}]}}