{"id":438,"date":"2017-03-12T20:20:44","date_gmt":"2017-03-12T19:20:44","guid":{"rendered":"http:\/\/www.paroisses-chatenay.fr\/stgermain\/?page_id=438"},"modified":"2020-09-20T19:04:43","modified_gmt":"2020-09-20T17:04:43","slug":"les-lieux-et-leur-histoire","status":"publish","type":"page","link":"https:\/\/paroisses-chatenay.fr\/stgermain\/les-lieux-et-leur-histoire\/","title":{"rendered":"Les Lieux et leur Histoire"},"content":{"rendered":"<p><b>L\u2019\u00e9glise<\/b><br \/>\nElle est ouverte tous les jours de 8h \u00e0 20h pour permettre \u00e0 tous un temps de silence, de pri\u00e8re. Un coin pri\u00e8re est am\u00e9nag\u00e9 au pied de la statue de St Germain.<br \/>\nElle est bien s\u00fbr le lieu des c\u00e9l\u00e9brations eucharistiques (messes), des bapt\u00eames, des mariages, des fun\u00e9railles\u2026<br \/>\nElle est aussi un lieu pour des conf\u00e9rences \u00e0 caract\u00e8re religieux et des\u00a0 manifestations musicales locales.<\/p>\n<p><b>Le Centre paroissial<\/b><br \/>\nC\u2019est l\u2019autre n\u0153ud vital de la communaut\u00e9 avec des salles de r\u00e9unions ; des salles pour la cat\u00e9ch\u00e8se, les guides et les scouts ; des lieux d\u2019accueil ; le secr\u00e9tariat ; le vestiaire ; le caf\u00e9 du lundi (lieu de rencontres et d&rsquo;\u00e9changes pour tous) ; un jardin qui facilite le jeu des enfants, les journ\u00e9es festives, la convivialit\u00e9.<\/p>\n<p><b>Histoire et visite<\/b><br \/>\nD\u00e9couvrir l&rsquo;histoire, les <a href=\"http:\/\/www.saint.germain.free.fr\/eglise\/decouvrez.htm\">images et une visite interactive de l&rsquo;\u00e9glise Saint Germain l&rsquo;Auxerrois<\/a>.<\/p>\n","protected":false},"excerpt":{"rendered":"<p>L\u2019\u00e9glise Elle est ouverte tous les jours de 8h \u00e0 20h pour permettre \u00e0 tous un temps de silence, de pri\u00e8re. Un coin pri\u00e8re est am\u00e9nag\u00e9 au pied de la statue de St Germain. Elle est bien s\u00fbr le lieu des c\u00e9l\u00e9brations eucharistiques (messes), des bapt\u00eames, des mariages, des fun\u00e9railles\u2026 Elle est aussi un lieu pour des conf\u00e9rences \u00e0 caract\u00e8re religieux et des\u00a0 manifestations musicales locales. Le Centre paroissial C\u2019est l\u2019autre n\u0153ud vital de la communaut\u00e9 avec des salles de <a class=\"more-link\" href=\"https:\/\/paroisses-chatenay.fr\/stgermain\/les-lieux-et-leur-histoire\/\">Lire plus &#8230;<\/a><\/p>\n","protected":false},"author":1,"featured_media":0,"parent":0,"menu_order":0,"comment_status":"closed","ping_status":"closed","template":"","meta":{"_seopress_robots_primary_cat":"","_seopress_titles_title":"","_seopress_titles_desc":"","_seopress_robots_index":"","jetpack_post_was_ever_published":false,"footnotes":""},"class_list":["post-438","page","type-page","status-publish","hentry"],"jetpack_sharing_enabled":true,"jetpack_shortlink":"https:\/\/wp.me\/P8QOZc-74","jetpack_likes_enabled":true,"_links":{"self":[{"href":"https:\/\/paroisses-chatenay.fr\/stgermain\/wp-json\/wp\/v2\/pages\/438","targetHints":{"allow":["GET"]}}],"collection":[{"href":"https:\/\/paroisses-chatenay.fr\/stgermain\/wp-json\/wp\/v2\/pages"}],"about":[{"href":"https:\/\/paroisses-chatenay.fr\/stgermain\/wp-json\/wp\/v2\/types\/page"}],"author":[{"embeddable":true,"href":"https:\/\/paroisses-chatenay.fr\/stgermain\/wp-json\/wp\/v2\/users\/1"}],"replies":[{"embeddable":true,"href":"https:\/\/paroisses-chatenay.fr\/stgermain\/wp-json\/wp\/v2\/comments?post=438"}],"version-history":[{"count":3,"href":"https:\/\/paroisses-chatenay.fr\/stgermain\/wp-json\/wp\/v2\/pages\/438\/revisions"}],"predecessor-version":[{"id":6317,"href":"https:\/\/paroisses-chatenay.fr\/stgermain\/wp-json\/wp\/v2\/pages\/438\/revisions\/6317"}],"wp:attachment":[{"href":"https:\/\/paroisses-chatenay.fr\/stgermain\/wp-json\/wp\/v2\/media?parent=438"}],"curies":[{"name":"wp","href":"https:\/\/api.w.org\/{rel}","templated":true}]}}