{"id":447,"date":"2017-03-12T20:32:57","date_gmt":"2017-03-12T19:32:57","guid":{"rendered":"http:\/\/www.paroisses-chatenay.fr\/stgermain\/?page_id=447"},"modified":"2017-03-12T20:38:14","modified_gmt":"2017-03-12T19:38:14","slug":"la-pointe-sud","status":"publish","type":"page","link":"https:\/\/paroisses-chatenay.fr\/stgermain\/la-pointe-sud\/","title":{"rendered":"La Pointe Sud"},"content":{"rendered":"<p>Depuis janvier 2010 suite au red\u00e9coupage du dioc\u00e8se de Nanterre, la paroisse de Saint Germain l&rsquo;Auxerrois fait partie du Doyenn\u00e9 de la Pointe Sud avec :<br \/>\n&#8211; Antony,<br \/>\n&#8211; Bagneux,<br \/>\n&#8211; Sceaux,<br \/>\n&#8211; Bourg-la-Reine<br \/>\n&#8211; et Fontenay-aux-Roses.<\/p>\n<p>Le doyen est le P\u00e8re <strong>Didier Rapin<\/strong>, cur\u00e9 de Ch\u00e2tenay Malabry..<\/p>\n<p>Son r\u00f4le est de d\u00e9velopper les liens fraternels entre pr\u00eatres, soutenir les collaborations existantes entre certaines paroisses et en susciter de nouvelles, entretenir un lien r\u00e9gulier avec le vicaire g\u00e9n\u00e9ral.<\/p>\n<p>Le dioc\u00e8se de Nanterre compte d\u00e9sormais 9 doyenn\u00e9s comme pr\u00e9sent\u00e9 sur l&rsquo;image ci-dessous : Doyenn\u00e9 de la Boucle-Nord,<br \/>\nDoyenn\u00e9 des Trois-Colombes,<br \/>\nDoyenn\u00e9 des Deux-Rives,<br \/>\nDoyenn\u00e9 du Mont-Val\u00e9rien,<br \/>\nDoyenn\u00e9 de Boulogne,<br \/>\nDoyenn\u00e9 des Collines,<br \/>\nDoyenn\u00e9 des Portes,<br \/>\nDoyenn\u00e9 des For\u00eats,<br \/>\net Doyenn\u00e9 de la Pointe-Sud.<\/p>\n<p>&nbsp;<\/p>\n<p><img data-recalc-dims=\"1\" loading=\"lazy\" decoding=\"async\" data-attachment-id=\"451\" data-permalink=\"https:\/\/paroisses-chatenay.fr\/stgermain\/la-pointe-sud\/doyenne\/#main\" data-orig-file=\"https:\/\/i0.wp.com\/paroisses-chatenay.fr\/stgermain\/wp-content\/uploads\/2017\/03\/doyenne.jpg?fit=501%2C708&amp;ssl=1\" data-orig-size=\"501,708\" data-comments-opened=\"0\" data-image-meta=\"{&quot;aperture&quot;:&quot;0&quot;,&quot;credit&quot;:&quot;&quot;,&quot;camera&quot;:&quot;&quot;,&quot;caption&quot;:&quot;&quot;,&quot;created_timestamp&quot;:&quot;0&quot;,&quot;copyright&quot;:&quot;&quot;,&quot;focal_length&quot;:&quot;0&quot;,&quot;iso&quot;:&quot;0&quot;,&quot;shutter_speed&quot;:&quot;0&quot;,&quot;title&quot;:&quot;&quot;,&quot;orientation&quot;:&quot;0&quot;}\" data-image-title=\"doyenne\" data-image-description=\"\" data-image-caption=\"\" data-large-file=\"https:\/\/i0.wp.com\/paroisses-chatenay.fr\/stgermain\/wp-content\/uploads\/2017\/03\/doyenne.jpg?fit=501%2C708&amp;ssl=1\" class=\"alignnone size-full wp-image-451\" src=\"https:\/\/i0.wp.com\/www.paroisses-chatenay.fr\/stgermain\/wp-content\/uploads\/2017\/03\/doyenne.jpg?resize=501%2C708\" alt=\"\" width=\"501\" height=\"708\" srcset=\"https:\/\/i0.wp.com\/paroisses-chatenay.fr\/stgermain\/wp-content\/uploads\/2017\/03\/doyenne.jpg?w=501&amp;ssl=1 501w, https:\/\/i0.wp.com\/paroisses-chatenay.fr\/stgermain\/wp-content\/uploads\/2017\/03\/doyenne.jpg?resize=212%2C300&amp;ssl=1 212w\" sizes=\"auto, (max-width: 501px) 100vw, 501px\" \/><\/p>\n","protected":false},"excerpt":{"rendered":"<p>Depuis janvier 2010 suite au red\u00e9coupage du dioc\u00e8se de Nanterre, la paroisse de Saint Germain l&rsquo;Auxerrois fait partie du Doyenn\u00e9 de la Pointe Sud avec : &#8211; Antony, &#8211; Bagneux, &#8211; Sceaux, &#8211; Bourg-la-Reine &#8211; et Fontenay-aux-Roses. Le doyen est le P\u00e8re Didier Rapin, cur\u00e9 de Ch\u00e2tenay Malabry.. Son r\u00f4le est de d\u00e9velopper les liens fraternels entre pr\u00eatres, soutenir les collaborations existantes entre certaines paroisses et en susciter de nouvelles, entretenir un lien r\u00e9gulier avec le vicaire g\u00e9n\u00e9ral. Le dioc\u00e8se <a class=\"more-link\" href=\"https:\/\/paroisses-chatenay.fr\/stgermain\/la-pointe-sud\/\">Lire plus &#8230;<\/a><\/p>\n","protected":false},"author":1,"featured_media":0,"parent":0,"menu_order":0,"comment_status":"closed","ping_status":"closed","template":"","meta":{"_seopress_robots_primary_cat":"","_seopress_titles_title":"","_seopress_titles_desc":"","_seopress_robots_index":"","footnotes":""},"class_list":["post-447","page","type-page","status-publish","hentry"],"jetpack_sharing_enabled":true,"jetpack_shortlink":"https:\/\/wp.me\/P8QOZc-7d","jetpack_likes_enabled":true,"_links":{"self":[{"href":"https:\/\/paroisses-chatenay.fr\/stgermain\/wp-json\/wp\/v2\/pages\/447","targetHints":{"allow":["GET"]}}],"collection":[{"href":"https:\/\/paroisses-chatenay.fr\/stgermain\/wp-json\/wp\/v2\/pages"}],"about":[{"href":"https:\/\/paroisses-chatenay.fr\/stgermain\/wp-json\/wp\/v2\/types\/page"}],"author":[{"embeddable":true,"href":"https:\/\/paroisses-chatenay.fr\/stgermain\/wp-json\/wp\/v2\/users\/1"}],"replies":[{"embeddable":true,"href":"https:\/\/paroisses-chatenay.fr\/stgermain\/wp-json\/wp\/v2\/comments?post=447"}],"version-history":[{"count":4,"href":"https:\/\/paroisses-chatenay.fr\/stgermain\/wp-json\/wp\/v2\/pages\/447\/revisions"}],"predecessor-version":[{"id":455,"href":"https:\/\/paroisses-chatenay.fr\/stgermain\/wp-json\/wp\/v2\/pages\/447\/revisions\/455"}],"wp:attachment":[{"href":"https:\/\/paroisses-chatenay.fr\/stgermain\/wp-json\/wp\/v2\/media?parent=447"}],"curies":[{"name":"wp","href":"https:\/\/api.w.org\/{rel}","templated":true}]}}