{"id":46,"date":"2017-02-06T20:42:48","date_gmt":"2017-02-06T19:42:48","guid":{"rendered":"http:\/\/www.paroisses-chatenay.fr\/stgermain\/?page_id=46"},"modified":"2022-02-06T16:27:51","modified_gmt":"2022-02-06T15:27:51","slug":"bienvenue","status":"publish","type":"page","link":"https:\/\/paroisses-chatenay.fr\/stgermain\/bienvenue\/","title":{"rendered":"Bienvenue"},"content":{"rendered":"\n<div class=\"wp-block-image\"><figure class=\"alignright\"><img data-recalc-dims=\"1\" loading=\"lazy\" decoding=\"async\" width=\"68\" height=\"83\" data-attachment-id=\"674\" data-permalink=\"https:\/\/paroisses-chatenay.fr\/stgermain\/bienvenue\/egl68rouge\/#main\" data-orig-file=\"https:\/\/i0.wp.com\/paroisses-chatenay.fr\/stgermain\/wp-content\/uploads\/2017\/02\/egl68rouge.gif?fit=68%2C83&amp;ssl=1\" data-orig-size=\"68,83\" data-comments-opened=\"0\" data-image-meta=\"{&quot;aperture&quot;:&quot;0&quot;,&quot;credit&quot;:&quot;&quot;,&quot;camera&quot;:&quot;&quot;,&quot;caption&quot;:&quot;&quot;,&quot;created_timestamp&quot;:&quot;0&quot;,&quot;copyright&quot;:&quot;&quot;,&quot;focal_length&quot;:&quot;0&quot;,&quot;iso&quot;:&quot;0&quot;,&quot;shutter_speed&quot;:&quot;0&quot;,&quot;title&quot;:&quot;&quot;,&quot;orientation&quot;:&quot;0&quot;}\" data-image-title=\"egl68rouge\" data-image-description=\"\" data-image-caption=\"\" data-large-file=\"https:\/\/i0.wp.com\/paroisses-chatenay.fr\/stgermain\/wp-content\/uploads\/2017\/02\/egl68rouge.gif?fit=68%2C83&amp;ssl=1\" src=\"https:\/\/i0.wp.com\/www.paroisses-chatenay.fr\/stgermain\/wp-content\/uploads\/2017\/02\/egl68rouge.gif?resize=68%2C83\" alt=\"\" class=\"wp-image-674\"\/><\/figure><\/div>\n\n\n\n<p><b>La Paroisse? Une communaut\u00e9 vivante!<br><\/b><\/p>\n\n\n\n<p>La paroisse, c\u2019est l\u2019<i><b>Eglise pr\u00e8s de chez vous<\/b><\/i> ; le b\u00e2timent \u00e9glise, bien s\u00fbr (et nous appr\u00e9cions beaucoup la beaut\u00e9 sobre de ce lieu charg\u00e9 d\u2019histoire, o\u00f9 tant de g\u00e9n\u00e9rations de chr\u00e9tiens sont venus prier), mais c\u2019est surtout la <i><b>communaut\u00e9 <\/b><\/i>qui s\u2019y rassemble.<\/p>\n\n\n\n<p>Elle est une composante de la communaut\u00e9 des chr\u00e9tiens catholiques des Hauts de Seine (<a href=\"https:\/\/diocese92.fr\/\" target=\"_blank\" rel=\"noreferrer noopener\">dioc\u00e8se de Nanterre<\/a>), en lien de communion profonde avec son \u00e9v\u00eaque, pour nous Mgr <a href=\"https:\/\/diocese92.fr\/-Mgr-Matthieu-Rouge-\" target=\"_blank\" rel=\"noreferrer noopener\"><strong>Matthieu Roug\u00e9<\/strong><\/a>; en lien aussi avec l\u2019Eglise r\u00e9pandue \u00e0 travers\u00a0 le monde.<\/p>\n\n\n\n<p>Elle entretient aussi des relations fraternelles avec les <i><b>autres paroisses catholiques de Ch\u00e2tenay-Malabry <\/b><\/i>: <b>Sainte Th\u00e9r\u00e8se d\u2019Avila<\/b> et <b>Sainte Bathilde<\/b> et avec les <b><i>autres communaut\u00e9s chr\u00e9tiennes<\/i><\/b>, notamment les paroisses Copte orthodoxe Sainte Marie-Saint Marc et Orthodoxe russe Saints Pierre &amp; Paul (dans les locaux de l\u2019\u00e9glise Sainte-Bathilde), de m\u00eame que&nbsp; la paroisse de l\u2019Eglise R\u00e9form\u00e9e de France \u00e0 Robinson et la paroisse \u00e9vang\u00e9lique mennonite.<\/p>\n\n\n\n<p>La paroisse est donc l\u00e0 pour inviter \u00e0 la <b>foi, \u00e0 l\u2019esp\u00e9rance et \u00e0 l\u2019amour<\/b>\u2026<\/p>\n\n\n\n<p>Ses membres essayent d\u2019\u00eatre fid\u00e8les \u00e0 Dieu en se mettant \u00e0 l\u2019\u00e9coute de la Parole, en priant, en proclamant la Bonne Nouvelle qu\u2019est J\u00e9sus le Christ en particulier \u00e0 travers la cat\u00e9ch\u00e8se des enfants, la pastorale envers les jeunes, le cat\u00e9chum\u00e9nat et la formation chr\u00e9tienne des adultes, la liturgie, la c\u00e9l\u00e9bration des sacrements, l\u2019accueil des familles en deuil, le souci des personnes en difficult\u00e9, les groupes de partage de vie, etc.<\/p>\n\n\n\n<p>C\u2019est pour vous pr\u00e9senter le d\u00e9tail de tout cela que ce site a \u00e9t\u00e9 con\u00e7u, en vous faisant conna\u00eetre le contenu de chaque activit\u00e9.<\/p>\n\n\n\n<p>Ce qui fait la vie, le dynamisme d&rsquo;une paroisse, c&rsquo;est l&rsquo;engagement de chacun pour l&rsquo;annonce de la Parole, la pr\u00e9paration et la c\u00e9l\u00e9bration des sacrements et autres temps de pri\u00e8re, la solidarit\u00e9 et le service des plus pauvres et des personnes malades, la part pris \u00e0 la mission sous toutes ses formes. Mais des structures sont n\u00e9cessaires pour vivre l&rsquo;unique mission de l&rsquo;Eglise, au service de l&rsquo;Evangile.<\/p>\n\n\n\n<p><b>Organisation\u2026<\/b><\/p>\n\n\n\n<p>En septembre 2010, et pour la premi\u00e8re fois, notre \u00e9v\u00eaque, <b>Mgr G\u00e9rard Daucourt<\/b>,&nbsp; nommait un seul cur\u00e9 pour les trois paroisses de Ch\u00e2tenay-Malabry (Sainte-Bathilde, Saint-Germain-l\u2019Auxerrois, Sainte-Th\u00e9r\u00e8se d\u2019Avila), aid\u00e9 d\u2019une \u00e9quipe de pr\u00eatres.<\/p>\n\n\n\n<p>En septembre 2011, une seule <b>Equipe d\u2019Animation Pastorale<\/b> (EAP) pour les&nbsp; trois paroisses se met en place pour favoriser les activit\u00e9s transversales, mutualiser les services et les ressources, cr\u00e9er des synergies au service de la mission de l\u2019Eglise, Corps du Christ.<\/p>\n\n\n\n<p>Mais parce que chaque paroisse garde son dynamisme local et son caract\u00e8re propre, il importait, conform\u00e9ment aux orientations pour la mission des catholiques du dioc\u00e8se de Nanterre, de cr\u00e9er dans chacune des paroisses une \u00e9quipe d\u2019animation locale qui se d\u00e9nomme \u00e0 Ch\u00e2tenay-Malabry \u00ab <a href=\"http:\/\/www.paroisses-chatenay.fr\/stgermain\/lequipe-paroissiale-de-coordination\/\"><b>Equipe Paroissiale de Coordination<\/b> \u00bb (EPC) <\/a>, avec un pr\u00eatre <b>r\u00e9f\u00e9rent<\/b>.<\/p>\n","protected":false},"excerpt":{"rendered":"<p>La Paroisse? Une communaut\u00e9 vivante! La paroisse, c\u2019est l\u2019Eglise pr\u00e8s de chez vous ; le b\u00e2timent \u00e9glise, bien s\u00fbr (et nous appr\u00e9cions beaucoup la beaut\u00e9 sobre de ce lieu charg\u00e9 d\u2019histoire, o\u00f9 tant de g\u00e9n\u00e9rations de chr\u00e9tiens sont venus prier), mais c\u2019est surtout la communaut\u00e9 qui s\u2019y rassemble. Elle est une composante de la communaut\u00e9 des chr\u00e9tiens catholiques des Hauts de Seine (dioc\u00e8se de Nanterre), en lien de communion profonde avec son \u00e9v\u00eaque, pour nous Mgr Matthieu Roug\u00e9; en lien <a class=\"more-link\" href=\"https:\/\/paroisses-chatenay.fr\/stgermain\/bienvenue\/\">Lire plus &#8230;<\/a><\/p>\n","protected":false},"author":1,"featured_media":0,"parent":0,"menu_order":0,"comment_status":"closed","ping_status":"closed","template":"","meta":{"_seopress_robots_primary_cat":"","_seopress_titles_title":"","_seopress_titles_desc":"","_seopress_robots_index":"","jetpack_post_was_ever_published":false,"footnotes":""},"class_list":["post-46","page","type-page","status-publish","hentry"],"jetpack_sharing_enabled":true,"jetpack_shortlink":"https:\/\/wp.me\/P8QOZc-K","jetpack_likes_enabled":true,"_links":{"self":[{"href":"https:\/\/paroisses-chatenay.fr\/stgermain\/wp-json\/wp\/v2\/pages\/46","targetHints":{"allow":["GET"]}}],"collection":[{"href":"https:\/\/paroisses-chatenay.fr\/stgermain\/wp-json\/wp\/v2\/pages"}],"about":[{"href":"https:\/\/paroisses-chatenay.fr\/stgermain\/wp-json\/wp\/v2\/types\/page"}],"author":[{"embeddable":true,"href":"https:\/\/paroisses-chatenay.fr\/stgermain\/wp-json\/wp\/v2\/users\/1"}],"replies":[{"embeddable":true,"href":"https:\/\/paroisses-chatenay.fr\/stgermain\/wp-json\/wp\/v2\/comments?post=46"}],"version-history":[{"count":7,"href":"https:\/\/paroisses-chatenay.fr\/stgermain\/wp-json\/wp\/v2\/pages\/46\/revisions"}],"predecessor-version":[{"id":8581,"href":"https:\/\/paroisses-chatenay.fr\/stgermain\/wp-json\/wp\/v2\/pages\/46\/revisions\/8581"}],"wp:attachment":[{"href":"https:\/\/paroisses-chatenay.fr\/stgermain\/wp-json\/wp\/v2\/media?parent=46"}],"curies":[{"name":"wp","href":"https:\/\/api.w.org\/{rel}","templated":true}]}}