{"id":493,"date":"2017-03-13T22:02:30","date_gmt":"2017-03-13T21:02:30","guid":{"rendered":"http:\/\/www.paroisses-chatenay.fr\/stgermain\/?page_id=493"},"modified":"2019-03-10T17:26:01","modified_gmt":"2019-03-10T16:26:01","slug":"reformee","status":"publish","type":"page","link":"https:\/\/paroisses-chatenay.fr\/stgermain\/reformee\/","title":{"rendered":"R\u00e9form\u00e9e"},"content":{"rendered":"<p><b>Communaut\u00e9 protestante de Robinson<\/b><\/p>\n<p><img data-recalc-dims=\"1\" loading=\"lazy\" decoding=\"async\" data-attachment-id=\"504\" data-permalink=\"https:\/\/paroisses-chatenay.fr\/stgermain\/reformee\/robinson120\/#main\" data-orig-file=\"https:\/\/i0.wp.com\/paroisses-chatenay.fr\/stgermain\/wp-content\/uploads\/2017\/03\/robinson120.jpg?fit=120%2C160&amp;ssl=1\" data-orig-size=\"120,160\" data-comments-opened=\"0\" data-image-meta=\"{&quot;aperture&quot;:&quot;0&quot;,&quot;credit&quot;:&quot;&quot;,&quot;camera&quot;:&quot;&quot;,&quot;caption&quot;:&quot;&quot;,&quot;created_timestamp&quot;:&quot;0&quot;,&quot;copyright&quot;:&quot;&quot;,&quot;focal_length&quot;:&quot;0&quot;,&quot;iso&quot;:&quot;0&quot;,&quot;shutter_speed&quot;:&quot;0&quot;,&quot;title&quot;:&quot;&quot;,&quot;orientation&quot;:&quot;0&quot;}\" data-image-title=\"robinson120\" data-image-description=\"\" data-image-caption=\"\" data-large-file=\"https:\/\/i0.wp.com\/paroisses-chatenay.fr\/stgermain\/wp-content\/uploads\/2017\/03\/robinson120.jpg?fit=120%2C160&amp;ssl=1\" class=\"size-full wp-image-504 alignright\" src=\"https:\/\/i0.wp.com\/www.paroisses-chatenay.fr\/stgermain\/wp-content\/uploads\/2017\/03\/robinson120.jpg?resize=120%2C160\" alt=\"\" width=\"120\" height=\"160\" \/>Eglise r\u00e9form\u00e9e de France<\/p>\n<p><b><i>Coordonn\u00e9es<\/i><\/b><br \/>\nCommunaut\u00e9 protestante de Robinson:<br \/>\navenue Jean Longuet<br \/>\n92290 Chatenay Malabry<br \/>\nTel: 01\u00a0 46\u00a0 60\u00a0\u00a0 30\u00a0\u00a0 40<br \/>\n(au croisement des rues Jean Longuet et Jean Jaur\u00e8s)<br \/>\nSite Internet : <a href=\"http:\/\/www.epuf-robinson.org\/\" target=\"_blank\" rel=\"noopener noreferrer\">http:\/\/www.epuf-robinson.org\/<\/a><\/p>\n","protected":false},"excerpt":{"rendered":"<p>Communaut\u00e9 protestante de Robinson Eglise r\u00e9form\u00e9e de France Coordonn\u00e9es Communaut\u00e9 protestante de Robinson: avenue Jean Longuet 92290 Chatenay Malabry Tel: 01\u00a0 46\u00a0 60\u00a0\u00a0 30\u00a0\u00a0 40 (au croisement des rues Jean Longuet et Jean Jaur\u00e8s) Site Internet : http:\/\/www.epuf-robinson.org\/<\/p>\n","protected":false},"author":1,"featured_media":0,"parent":0,"menu_order":0,"comment_status":"closed","ping_status":"closed","template":"","meta":{"_seopress_robots_primary_cat":"","_seopress_titles_title":"","_seopress_titles_desc":"","_seopress_robots_index":"","jetpack_post_was_ever_published":false,"footnotes":""},"class_list":["post-493","page","type-page","status-publish","hentry"],"jetpack_sharing_enabled":true,"jetpack_shortlink":"https:\/\/wp.me\/P8QOZc-7X","jetpack_likes_enabled":true,"_links":{"self":[{"href":"https:\/\/paroisses-chatenay.fr\/stgermain\/wp-json\/wp\/v2\/pages\/493","targetHints":{"allow":["GET"]}}],"collection":[{"href":"https:\/\/paroisses-chatenay.fr\/stgermain\/wp-json\/wp\/v2\/pages"}],"about":[{"href":"https:\/\/paroisses-chatenay.fr\/stgermain\/wp-json\/wp\/v2\/types\/page"}],"author":[{"embeddable":true,"href":"https:\/\/paroisses-chatenay.fr\/stgermain\/wp-json\/wp\/v2\/users\/1"}],"replies":[{"embeddable":true,"href":"https:\/\/paroisses-chatenay.fr\/stgermain\/wp-json\/wp\/v2\/comments?post=493"}],"version-history":[{"count":3,"href":"https:\/\/paroisses-chatenay.fr\/stgermain\/wp-json\/wp\/v2\/pages\/493\/revisions"}],"predecessor-version":[{"id":3823,"href":"https:\/\/paroisses-chatenay.fr\/stgermain\/wp-json\/wp\/v2\/pages\/493\/revisions\/3823"}],"wp:attachment":[{"href":"https:\/\/paroisses-chatenay.fr\/stgermain\/wp-json\/wp\/v2\/media?parent=493"}],"curies":[{"name":"wp","href":"https:\/\/api.w.org\/{rel}","templated":true}]}}