{"id":511,"date":"2017-03-14T19:34:20","date_gmt":"2017-03-14T18:34:20","guid":{"rendered":"http:\/\/www.paroisses-chatenay.fr\/stgermain\/?page_id=511"},"modified":"2025-06-28T07:54:56","modified_gmt":"2025-06-28T05:54:56","slug":"aumonerie-etudiante-de-sceaux","status":"publish","type":"page","link":"https:\/\/paroisses-chatenay.fr\/stgermain\/aumonerie-etudiante-de-sceaux\/","title":{"rendered":"Aum\u00f4nerie Etudiante de Sceaux"},"content":{"rendered":"<p>Contact : <strong>Marie-H\u00e9l\u00e8ne de Cherisey<\/strong><br \/>\n06 50 53 45 10 <a href=\"mailto:mh.sotheo@gmail.com\" target=\"_blank\" rel=\"noopener\">mh.sotheo@gmail.com<\/a><br \/>\n\u00c0 noter \u00e9galement : tous les dimanche soir \u00e0 18h \u00e0 Saint-Jean-Baptiste de Sceaux messe anim\u00e9e par les jeunes de la paroisse \u00e0 partir de juin 2022.<\/p>\n<hr \/>\n<h1>Qui sommes-nous ?<\/h1>\n<p>L\u2019aum\u00f4nerie SoTh\u00e9o se situe en plein c\u0153ur de Sceaux, au 3 rue des Ecoles, dans un beau b\u00e2timent avec jardin. Elle a \u00e9t\u00e9 cr\u00e9\u00e9e il y a plus de 10 ans pour rassembler les \u00e9tudiants, chr\u00e9tiens ou en recherche, de toute la pointe sud du dioc\u00e8se de Nanterre (d\u00e9partement des Hauts-de-Seine).<\/p>\n<p>La responsable de l\u2019aum\u00f4nerie est une la\u00efque en mission eccl\u00e9siale, Marie-H\u00e9l\u00e8ne de Cherisey et un bureau d\u2019\u00e9tudiants, renouvel\u00e9 tous les ans.<\/p>\n<p>Nous sommes une trentaine de jeunes issus de divers \u00e9tablissements : pr\u00e9pas \u00e0 Lakanal, IUT gestion management, Fac de droit Jean Monnet, Fac de m\u00e9decine, \u00e9coles d\u2019ing\u00e9nieurs\u2026 Et dans ce beau m\u00e9lange, on trouve aussi des jeunes de la paroisse ou de celles d\u2019\u00e0 c\u00f4t\u00e9 !<\/p>\n<h1>Que proposons nous\u00a0?<\/h1>\n<p>Nous nous retrouvons tous les mardis \u00e0 20H30 (repas partag\u00e9 d\u00e8s 19h15) de fin septembre \u00e0 juin et les jeudis matin \u00e0 la messe de 7h15 suivie d\u2019un petit-d\u00e9jeuner partag\u00e9. Nous animons aussi la messe du dimanche soir, \u00e0 18h. En semaine, il est aussi possible de prier dans un oratoire avec la pr\u00e9sence r\u00e9elle, rencontrer l\u2019aum\u00f4ni\u00e8re ou le pr\u00eatre accompagnateur, se pr\u00e9parer \u00e0 un sacrement mais aussi, de r\u00e9viser dans des salles d\u2019\u00e9tudes (connexion WIFI), partager son d\u00e9jeuner, se d\u00e9tendre avec le baby-foot ou d\u2019autres jeux, laver et s\u00e9cher son linge.<\/p>\n<hr \/>\n<p>Aum\u00f4nerie \u00e9tudiante SoTh\u00e9o (Aum\u00f4nerie \u00e9tudiante de la pointe sud du dioc\u00e8se de Nanterre)<br \/>\nRencontre tous les mardis : d\u00eener possible \u00e0 19h15, soir\u00e9e de 20h30 \u00e0 22h15 au 3 rue des Ecoles \u00e0 Sceaux.<br \/>\nContact : Marie-H\u00e9l\u00e8ne de CHERISEY \u2013 06 50 53 45 10 ou <a href=\"mailto:mh.sotheo@gmail.com\">mh.sotheo@gmail.com<\/a><\/p>\n","protected":false},"excerpt":{"rendered":"<p>Contact : Marie-H\u00e9l\u00e8ne de Cherisey 06 50 53 45 10 mh.sotheo@gmail.com \u00c0 noter \u00e9galement : tous les dimanche soir \u00e0 18h \u00e0 Saint-Jean-Baptiste de Sceaux messe anim\u00e9e par les jeunes de la paroisse \u00e0 partir de juin 2022. Qui sommes-nous ? L\u2019aum\u00f4nerie SoTh\u00e9o se situe en plein c\u0153ur de Sceaux, au 3 rue des Ecoles, dans un beau b\u00e2timent avec jardin. Elle a \u00e9t\u00e9 cr\u00e9\u00e9e il y a plus de 10 ans pour rassembler les \u00e9tudiants, chr\u00e9tiens ou en recherche, <a class=\"more-link\" href=\"https:\/\/paroisses-chatenay.fr\/stgermain\/aumonerie-etudiante-de-sceaux\/\">Lire plus &#8230;<\/a><\/p>\n","protected":false},"author":1,"featured_media":0,"parent":0,"menu_order":0,"comment_status":"closed","ping_status":"closed","template":"","meta":{"_seopress_robots_primary_cat":"","_seopress_titles_title":"","_seopress_titles_desc":"","_seopress_robots_index":"","jetpack_post_was_ever_published":false,"footnotes":""},"class_list":["post-511","page","type-page","status-publish","hentry"],"jetpack_sharing_enabled":true,"jetpack_shortlink":"https:\/\/wp.me\/P8QOZc-8f","jetpack_likes_enabled":true,"_links":{"self":[{"href":"https:\/\/paroisses-chatenay.fr\/stgermain\/wp-json\/wp\/v2\/pages\/511","targetHints":{"allow":["GET"]}}],"collection":[{"href":"https:\/\/paroisses-chatenay.fr\/stgermain\/wp-json\/wp\/v2\/pages"}],"about":[{"href":"https:\/\/paroisses-chatenay.fr\/stgermain\/wp-json\/wp\/v2\/types\/page"}],"author":[{"embeddable":true,"href":"https:\/\/paroisses-chatenay.fr\/stgermain\/wp-json\/wp\/v2\/users\/1"}],"replies":[{"embeddable":true,"href":"https:\/\/paroisses-chatenay.fr\/stgermain\/wp-json\/wp\/v2\/comments?post=511"}],"version-history":[{"count":8,"href":"https:\/\/paroisses-chatenay.fr\/stgermain\/wp-json\/wp\/v2\/pages\/511\/revisions"}],"predecessor-version":[{"id":11838,"href":"https:\/\/paroisses-chatenay.fr\/stgermain\/wp-json\/wp\/v2\/pages\/511\/revisions\/11838"}],"wp:attachment":[{"href":"https:\/\/paroisses-chatenay.fr\/stgermain\/wp-json\/wp\/v2\/media?parent=511"}],"curies":[{"name":"wp","href":"https:\/\/api.w.org\/{rel}","templated":true}]}}