{"id":518,"date":"2017-03-14T19:41:50","date_gmt":"2017-03-14T18:41:50","guid":{"rendered":"http:\/\/www.paroisses-chatenay.fr\/stgermain\/?page_id=518"},"modified":"2019-05-18T12:04:50","modified_gmt":"2019-05-18T10:04:50","slug":"le-diocese-de-nanterre","status":"publish","type":"page","link":"https:\/\/paroisses-chatenay.fr\/stgermain\/le-diocese-de-nanterre\/","title":{"rendered":"Le Dioc\u00e8se"},"content":{"rendered":"<p><a href=\"https:\/\/diocese92.fr\/\" target=\"_blank\" rel=\"noopener noreferrer\">Le site du dioc\u00e8se de Nanterre<\/a><\/p>\n<p>Et en particulier :<\/p>\n<ul>\n<li><a href=\"http:\/\/maisondelaparole.diocese92.fr\/\" target=\"_blank\" rel=\"noopener noreferrer\">La maison de la Parole (Meudon)<\/a><\/li>\n<li><a href=\"http:\/\/www.maisonsaintfrancoisdesales92.fr\/\" target=\"_blank\" rel=\"noopener noreferrer\">Maison Saint-Fran\u00e7ois de Sales : Maison des Familles, Maison du Doyenn\u00e9 (Boulogne Billancourt)<\/a><\/li>\n<\/ul>\n","protected":false},"excerpt":{"rendered":"<p>Le site du dioc\u00e8se de Nanterre Et en particulier : La maison de la Parole (Meudon) Maison Saint-Fran\u00e7ois de Sales : Maison des Familles, Maison du Doyenn\u00e9 (Boulogne Billancourt)<\/p>\n","protected":false},"author":1,"featured_media":0,"parent":0,"menu_order":0,"comment_status":"closed","ping_status":"closed","template":"","meta":{"_seopress_robots_primary_cat":"","_seopress_titles_title":"","_seopress_titles_desc":"","_seopress_robots_index":"","footnotes":""},"class_list":["post-518","page","type-page","status-publish","hentry"],"jetpack_sharing_enabled":true,"jetpack_shortlink":"https:\/\/wp.me\/P8QOZc-8m","jetpack_likes_enabled":true,"_links":{"self":[{"href":"https:\/\/paroisses-chatenay.fr\/stgermain\/wp-json\/wp\/v2\/pages\/518","targetHints":{"allow":["GET"]}}],"collection":[{"href":"https:\/\/paroisses-chatenay.fr\/stgermain\/wp-json\/wp\/v2\/pages"}],"about":[{"href":"https:\/\/paroisses-chatenay.fr\/stgermain\/wp-json\/wp\/v2\/types\/page"}],"author":[{"embeddable":true,"href":"https:\/\/paroisses-chatenay.fr\/stgermain\/wp-json\/wp\/v2\/users\/1"}],"replies":[{"embeddable":true,"href":"https:\/\/paroisses-chatenay.fr\/stgermain\/wp-json\/wp\/v2\/comments?post=518"}],"version-history":[{"count":6,"href":"https:\/\/paroisses-chatenay.fr\/stgermain\/wp-json\/wp\/v2\/pages\/518\/revisions"}],"predecessor-version":[{"id":4051,"href":"https:\/\/paroisses-chatenay.fr\/stgermain\/wp-json\/wp\/v2\/pages\/518\/revisions\/4051"}],"wp:attachment":[{"href":"https:\/\/paroisses-chatenay.fr\/stgermain\/wp-json\/wp\/v2\/media?parent=518"}],"curies":[{"name":"wp","href":"https:\/\/api.w.org\/{rel}","templated":true}]}}