{"id":524,"date":"2017-03-14T19:49:45","date_gmt":"2017-03-14T18:49:45","guid":{"rendered":"http:\/\/www.paroisses-chatenay.fr\/stgermain\/?page_id=524"},"modified":"2017-03-15T21:48:27","modified_gmt":"2017-03-15T20:48:27","slug":"alpha-couple","status":"publish","type":"page","link":"https:\/\/paroisses-chatenay.fr\/stgermain\/alpha-couple\/","title":{"rendered":"Alpha Couple"},"content":{"rendered":"<div><b>Parcours \u00ab Alpha Couple \u00bb 2017<\/b><br \/>\nAlpha couple, c&rsquo;est :<br \/>\n&#8211; pour les couples mari\u00e9s ou non, pratiquants ou non, ayant plus de 2 ans de vie commune,<img data-recalc-dims=\"1\" loading=\"lazy\" decoding=\"async\" data-attachment-id=\"550\" data-permalink=\"https:\/\/paroisses-chatenay.fr\/stgermain\/alpha-couple\/alphacouplelogo\/#main\" data-orig-file=\"https:\/\/i0.wp.com\/paroisses-chatenay.fr\/stgermain\/wp-content\/uploads\/2017\/03\/alphaCoupleLogo.jpg?fit=204%2C80&amp;ssl=1\" data-orig-size=\"204,80\" data-comments-opened=\"0\" data-image-meta=\"{&quot;aperture&quot;:&quot;0&quot;,&quot;credit&quot;:&quot;&quot;,&quot;camera&quot;:&quot;&quot;,&quot;caption&quot;:&quot;&quot;,&quot;created_timestamp&quot;:&quot;0&quot;,&quot;copyright&quot;:&quot;&quot;,&quot;focal_length&quot;:&quot;0&quot;,&quot;iso&quot;:&quot;0&quot;,&quot;shutter_speed&quot;:&quot;0&quot;,&quot;title&quot;:&quot;&quot;,&quot;orientation&quot;:&quot;0&quot;}\" data-image-title=\"alphaCoupleLogo\" data-image-description=\"\" data-image-caption=\"\" data-large-file=\"https:\/\/i0.wp.com\/paroisses-chatenay.fr\/stgermain\/wp-content\/uploads\/2017\/03\/alphaCoupleLogo.jpg?fit=204%2C80&amp;ssl=1\" class=\"size-full wp-image-550 alignright\" src=\"https:\/\/i0.wp.com\/www.paroisses-chatenay.fr\/stgermain\/wp-content\/uploads\/2017\/03\/alphaCoupleLogo.jpg?resize=204%2C80\" alt=\"\" width=\"204\" height=\"80\" \/><br \/>\n&#8211; prendre le temps de se poser \u00e0 2, discuter en amoureux sans \u00e9changes avec les autres participants,<br \/>\n&#8211; \u00e9couter des t\u00e9moignages, des enseignements,<br \/>\n&#8211; 7 d\u00eeners en t\u00eate en t\u00eate avec&#8230; de bons petits plats et une soir\u00e9e pour cl\u00f4turer le parcours de 19h30 \u00e0 22h30.<\/p>\n<p>Voici donc le calendrier des 7 d\u00eeners :<br \/>\n&#8211; le 7 janvier <b>2017 <\/b>: poser les bons fondements<br \/>\n&#8211; le 14 janvier : l&rsquo;art de la communication<br \/>\n&#8211; le 28 janvier : la r\u00e9solution des conflits<br \/>\n&#8211; le 25 f\u00e9vrier : la puissance du pardon<br \/>\n&#8211; le 11 mars : l&rsquo;impact de la famille,<br \/>\n&#8211; le 18 mars : une sexualit\u00e9 de couple \u00e9panouie,<br \/>\n&#8211; le 22 avril : l&rsquo;amour en acte : donner et recevoir de l&rsquo;amour.<\/p>\n<p>Le 27 avril, soir\u00e9e de cl\u00f4ture du parcours : et maintenant ?<br \/>\nContact pour toute inscription : alphacouple.chatenay@yahoo.fr.\n<\/p><\/div>\n<div>Toute la soir\u00e9e se passe en t\u00eate \u00e0 t\u00eate.<br \/>\nChaque soir\u00e9e comporte un d\u00eener et des expos\u00e9s qui alternent avec des \u00e9changes et des exercices sur le th\u00e8me de la soir\u00e9e. <i><br \/>\nIl n\u2019y a pas de discussion en groupe et, \u00e0 aucun moment, il ne sera demand\u00e9 au couple de partager avec les autres couples quoi que se soit le concernant.<\/i><\/div>\n<div>Renseignements aupr\u00e8s de :<\/div>\n<div><b>&#8211; Jean-Marie PARANT<\/b>\u00a0&#8211; 06.75.63.55.68 &#8211; famillecjm.parant@orange.fr,<\/div>\n<div><b>&#8211; Alexandre NUSSBAUMER<\/b>\u00a0&#8211; 06.99.23.95.21 \u2013 alexnussbaumer@yahoo.fr,<br \/>\nMail de l\u2019organisation : alphacouple.chatenay@yahoo.fr<\/div>\n<div><\/div>\n<hr \/>\n<p><b>Pour l&rsquo;organisation :\u00a0<\/b><\/p>\n<p>Ces sessions n\u00e9cessitent de nombreux b\u00e9n\u00e9voles qui se mettront au service des couples qui suivent\u00a0la session (cuisine, service \u00e0 table, d\u00e9coration) pour leur permettre de vivre des soir\u00e9es inoubliables.<br \/>\nUn b\u00e9n\u00e9vole peut rendre un service pour une seule soir\u00e9e ou plusieurs.<\/p>\n<div>Si ce service vous int\u00e9resse, vous pouvez le signaler en envoyant un courriel \u00e0 l&rsquo;adresse de l&rsquo;organisation : alphacouple.chatenay@yahoo.fr<\/div>\n<p>&nbsp;<\/p>\n<hr \/>\n<p><b>Contexte <\/b>ALPHA COUPLE sur Ch\u00e2tenay Malabry<\/p>\n<p>Notre paroisse\u00a0<b>en lien avec la paroisse mennonite (protestante) et les paroisses catholiques Sainte Th\u00e9r\u00e8se et Sainte Bathilde<\/b>\u00a0met en place un Parcours\u00a0<b>Alpha Couple (Elle &amp; Lui)<\/b>\u00a0\u00e0 la rentr\u00e9e prochaine. C\u2019est une s\u00e9rie de d\u00eeners en t\u00eate-\u00e0-t\u00eate pour tous les couples, mari\u00e9s ou non, qui souhaitent prendre du temps \u00e0 deux pour construire leur relation, consolider leur amour et lui donner les moyens de durer&#8230; Le parcours se compose de 7 soir\u00e9es th\u00e9matiques (<b>le dimanche de 18h30 \u00e0 21h30<\/b>), autour d\u2019un d\u00eener en t\u00eate-\u00e0-t\u00eate, dans une ambiance chaleureuse et intime.<\/p>\n<p>Paraphrasant notre \u00e9v\u00eaque, je dirais que c\u2019est une proposition conviviale qui rejoint des attentes, une proposition qui respecte les gens, qui ne sont pas pouss\u00e9s \u00e0 venir. C\u2019est quelque chose de paisible, avec beaucoup de convictions, mais aussi une humilit\u00e9. La dimension \u0153cum\u00e9nique est positive. Et la dimension paroissiale est essentielle : c\u2019est la communaut\u00e9 paroissiale qui s\u2019engage. Et c\u2019est pour cela que \u00e7a marche.<\/p>\n<p>Ce parcours s\u2019adresse \u00e0 tous les couples qui vont bien et pour ceux qui rencontrent des difficult\u00e9s mineures, mari\u00e9s ou vivant ensemble depuis au moins deux ans, les personnes \u00e9tant chr\u00e9tiennes ou non.<\/p>\n<p>Les parcours Alpha Couple sont organis\u00e9s localement par des chr\u00e9tiens b\u00e9n\u00e9voles.\u00a0Une \u00e9quipe d\u2019animation existe, mais il nous faut mettre en place une \u00e9quipe logistique pour faire vivre ce parcours, et c\u2019est l\u00e0 o\u00f9 nous avons besoin de vous tous.<\/p>\n<div>\n<b>Nous avons besoin de b\u00e9n\u00e9voles<\/b>\u00a0: certains pour <b>pr\u00e9parer <\/b>la salle paroissiale, d\u2019autres pour la <b>d\u00e9corer<\/b>, d\u2019autres pour <b>accueillir<\/b>, d\u2019autres pour <b>cuisiner<\/b>, d\u2019autres pour <b>servir <\/b>les repas, d\u2019autres pour nettoyer et ranger, d\u2019autres pour garder des enfants, d\u2019autres pour assurer la communication, d\u2019autres pour <b>prier <\/b>pendant la soir\u00e9e th\u00e9matique, d\u2019autres pour assurer la communication au-del\u00e0 de nos paroisses. Pour que cet engagement puisse \u00eatre l\u00e9ger ou ponctuel, nous avons besoin de constituer un pool de b\u00e9n\u00e9voles divers de par ses comp\u00e9tences et de tout \u00e2ge. Il nous faudra pour chaque service trouver un coordinateur.<\/div>\n<div>\nPour tout renseignement, sans engagement de votre part ou bien pour devenir membre de ce pool qui se veut inter-paroissial, je vous invite \u00e0\u00a0<b>rencontrer l\u2019\u00e9quipe d\u2019animation du parcours Alpha Couple <\/b>. N\u2019h\u00e9sitez pas \u00e0 prendre contact avec\u00a0<b>Jean-Marie et Caroline Parant<\/b>\u00a0(t\u00e9l. : 01.43.50.98.42 et mail : famillecjm.parant (at : @orange.fr) qui en sont les r\u00e9f\u00e9rents. Je compte sur vous. Merci pour votre g\u00e9n\u00e9rosit\u00e9\u00a0 pour vivre ce service d\u2019\u00c9vangile\u2026<\/div>\n<div><\/div>\n<div><b>P\u00e8re Didier Rapin, cur\u00e9\u00a0\u00a0<\/b><\/div>\n<div><b><img data-recalc-dims=\"1\" loading=\"lazy\" decoding=\"async\" data-attachment-id=\"551\" data-permalink=\"https:\/\/paroisses-chatenay.fr\/stgermain\/alpha-couple\/alphacouplesoiree\/#main\" data-orig-file=\"https:\/\/i0.wp.com\/paroisses-chatenay.fr\/stgermain\/wp-content\/uploads\/2017\/03\/alphaCoupleSoiree.jpg?fit=684%2C120&amp;ssl=1\" data-orig-size=\"684,120\" data-comments-opened=\"0\" data-image-meta=\"{&quot;aperture&quot;:&quot;0&quot;,&quot;credit&quot;:&quot;&quot;,&quot;camera&quot;:&quot;&quot;,&quot;caption&quot;:&quot;&quot;,&quot;created_timestamp&quot;:&quot;0&quot;,&quot;copyright&quot;:&quot;&quot;,&quot;focal_length&quot;:&quot;0&quot;,&quot;iso&quot;:&quot;0&quot;,&quot;shutter_speed&quot;:&quot;0&quot;,&quot;title&quot;:&quot;&quot;,&quot;orientation&quot;:&quot;0&quot;}\" data-image-title=\"alphaCoupleSoiree\" data-image-description=\"\" data-image-caption=\"\" data-large-file=\"https:\/\/i0.wp.com\/paroisses-chatenay.fr\/stgermain\/wp-content\/uploads\/2017\/03\/alphaCoupleSoiree.jpg?fit=540%2C95&amp;ssl=1\" class=\"size-full wp-image-551 alignleft\" src=\"https:\/\/i0.wp.com\/www.paroisses-chatenay.fr\/stgermain\/wp-content\/uploads\/2017\/03\/alphaCoupleSoiree.jpg?resize=540%2C95\" alt=\"\" width=\"540\" height=\"95\" srcset=\"https:\/\/i0.wp.com\/paroisses-chatenay.fr\/stgermain\/wp-content\/uploads\/2017\/03\/alphaCoupleSoiree.jpg?w=684&amp;ssl=1 684w, https:\/\/i0.wp.com\/paroisses-chatenay.fr\/stgermain\/wp-content\/uploads\/2017\/03\/alphaCoupleSoiree.jpg?resize=300%2C53&amp;ssl=1 300w\" sizes=\"auto, (max-width: 540px) 100vw, 540px\" \/><\/b><\/div>\n","protected":false},"excerpt":{"rendered":"<p>Parcours \u00ab Alpha Couple \u00bb 2017 Alpha couple, c&rsquo;est : &#8211; pour les couples mari\u00e9s ou non, pratiquants ou non, ayant plus de 2 ans de vie commune, &#8211; prendre le temps de se poser \u00e0 2, discuter en amoureux sans \u00e9changes avec les autres participants, &#8211; \u00e9couter des t\u00e9moignages, des enseignements, &#8211; 7 d\u00eeners en t\u00eate en t\u00eate avec&#8230; de bons petits plats et une soir\u00e9e pour cl\u00f4turer le parcours de 19h30 \u00e0 22h30. Voici donc le calendrier des <a class=\"more-link\" href=\"https:\/\/paroisses-chatenay.fr\/stgermain\/alpha-couple\/\">Lire plus &#8230;<\/a><\/p>\n","protected":false},"author":1,"featured_media":0,"parent":0,"menu_order":0,"comment_status":"closed","ping_status":"closed","template":"","meta":{"_seopress_robots_primary_cat":"","_seopress_titles_title":"","_seopress_titles_desc":"","_seopress_robots_index":"","jetpack_post_was_ever_published":false,"footnotes":""},"class_list":["post-524","page","type-page","status-publish","hentry"],"jetpack_sharing_enabled":true,"jetpack_shortlink":"https:\/\/wp.me\/P8QOZc-8s","jetpack_likes_enabled":true,"_links":{"self":[{"href":"https:\/\/paroisses-chatenay.fr\/stgermain\/wp-json\/wp\/v2\/pages\/524","targetHints":{"allow":["GET"]}}],"collection":[{"href":"https:\/\/paroisses-chatenay.fr\/stgermain\/wp-json\/wp\/v2\/pages"}],"about":[{"href":"https:\/\/paroisses-chatenay.fr\/stgermain\/wp-json\/wp\/v2\/types\/page"}],"author":[{"embeddable":true,"href":"https:\/\/paroisses-chatenay.fr\/stgermain\/wp-json\/wp\/v2\/users\/1"}],"replies":[{"embeddable":true,"href":"https:\/\/paroisses-chatenay.fr\/stgermain\/wp-json\/wp\/v2\/comments?post=524"}],"version-history":[{"count":2,"href":"https:\/\/paroisses-chatenay.fr\/stgermain\/wp-json\/wp\/v2\/pages\/524\/revisions"}],"predecessor-version":[{"id":552,"href":"https:\/\/paroisses-chatenay.fr\/stgermain\/wp-json\/wp\/v2\/pages\/524\/revisions\/552"}],"wp:attachment":[{"href":"https:\/\/paroisses-chatenay.fr\/stgermain\/wp-json\/wp\/v2\/media?parent=524"}],"curies":[{"name":"wp","href":"https:\/\/api.w.org\/{rel}","templated":true}]}}