{"id":529,"date":"2017-03-14T19:49:45","date_gmt":"2017-03-14T18:49:45","guid":{"rendered":"http:\/\/www.paroisses-chatenay.fr\/stgermain\/?page_id=529"},"modified":"2018-09-23T14:03:45","modified_gmt":"2018-09-23T12:03:45","slug":"mouvement-chretien-des-cadres","status":"publish","type":"page","link":"https:\/\/paroisses-chatenay.fr\/stgermain\/mouvement-chretien-des-cadres\/","title":{"rendered":"Mouvement Chr\u00e9tien des Cadres"},"content":{"rendered":"<p>Le Mouvement Chr\u00e9tien des Cadres propose une r\u00e9flexion sur la foi dans le cadre de notre vie professionnelle, mais aussi plus largement et en \u00e9cho \u00e0 cette vie professionnelle, dans notre vie familiale et dans la soci\u00e9t\u00e9.<img data-recalc-dims=\"1\" loading=\"lazy\" decoding=\"async\" data-attachment-id=\"565\" data-permalink=\"https:\/\/paroisses-chatenay.fr\/stgermain\/mouvement-chretien-des-cadres\/mcccharte\/#main\" data-orig-file=\"https:\/\/i0.wp.com\/paroisses-chatenay.fr\/stgermain\/wp-content\/uploads\/2017\/03\/mccCharte.jpg?fit=1920%2C780&amp;ssl=1\" data-orig-size=\"1920,780\" data-comments-opened=\"0\" data-image-meta=\"{&quot;aperture&quot;:&quot;0&quot;,&quot;credit&quot;:&quot;&quot;,&quot;camera&quot;:&quot;&quot;,&quot;caption&quot;:&quot;&quot;,&quot;created_timestamp&quot;:&quot;0&quot;,&quot;copyright&quot;:&quot;&quot;,&quot;focal_length&quot;:&quot;0&quot;,&quot;iso&quot;:&quot;0&quot;,&quot;shutter_speed&quot;:&quot;0&quot;,&quot;title&quot;:&quot;&quot;,&quot;orientation&quot;:&quot;1&quot;}\" data-image-title=\"mccCharte\" data-image-description=\"\" data-image-caption=\"\" data-large-file=\"https:\/\/i0.wp.com\/paroisses-chatenay.fr\/stgermain\/wp-content\/uploads\/2017\/03\/mccCharte.jpg?fit=540%2C219&amp;ssl=1\" class=\"wp-image-565 alignright\" src=\"https:\/\/i0.wp.com\/www.paroisses-chatenay.fr\/stgermain\/wp-content\/uploads\/2017\/03\/mccCharte.jpg?resize=539%2C219\" alt=\"\" width=\"539\" height=\"219\" srcset=\"https:\/\/i0.wp.com\/paroisses-chatenay.fr\/stgermain\/wp-content\/uploads\/2017\/03\/mccCharte.jpg?w=1920&amp;ssl=1 1920w, https:\/\/i0.wp.com\/paroisses-chatenay.fr\/stgermain\/wp-content\/uploads\/2017\/03\/mccCharte.jpg?resize=300%2C122&amp;ssl=1 300w, https:\/\/i0.wp.com\/paroisses-chatenay.fr\/stgermain\/wp-content\/uploads\/2017\/03\/mccCharte.jpg?resize=768%2C312&amp;ssl=1 768w, https:\/\/i0.wp.com\/paroisses-chatenay.fr\/stgermain\/wp-content\/uploads\/2017\/03\/mccCharte.jpg?resize=1024%2C416&amp;ssl=1 1024w, https:\/\/i0.wp.com\/paroisses-chatenay.fr\/stgermain\/wp-content\/uploads\/2017\/03\/mccCharte.jpg?w=1080&amp;ssl=1 1080w, https:\/\/i0.wp.com\/paroisses-chatenay.fr\/stgermain\/wp-content\/uploads\/2017\/03\/mccCharte.jpg?w=1620&amp;ssl=1 1620w\" sizes=\"auto, (max-width: 539px) 100vw, 539px\" \/><br \/>\nUn accompagnateur spirituel \u00e9claire nos \u00e9changes et nos partages d\u2019exp\u00e9riences et de r\u00e9flexions.<br \/>\nLes r\u00e9unions sont organis\u00e9es soit \u00e0 partir d\u2019un th\u00e8me pr\u00e9par\u00e9 \u00e0 l\u2019avance, soit \u00e0 partir de la lecture d\u2019un texte. Elles se tiennent une fois par mois.<\/p>\n<p><b><i>Contact sur Ch\u00e2tenay Malabry :<br \/>\n<\/i><\/b><strong>Florence Lugherini<\/strong> &#8211; 06 08 89 67 72<br \/>\n<strong>Guillaume Euverte<\/strong> &#8211; 07 87 75 10 20<\/p>\n<p><b><i>Mouvement Chr\u00e9tien des Cadres et dirigeants<\/i><\/b><br \/>\n18 rue de Varenne 75007 Paris<br \/>\nT\u00e9l. : 01 42 22 18 56 \u2013 Fax : 01 45 44 44 46<br \/>\n<a href=\"mailto:contact@mcc.asso.fr?subject=contact%40mcc.asso.fr\">contact@mcc.asso.fr<\/a><br \/>\n<a href=\"http:\/\/www.mcc.asso.fr\/\" target=\"_blank\" rel=\"noopener\">www.mcc.asso.fr<\/a><\/p>\n","protected":false},"excerpt":{"rendered":"<p>Le Mouvement Chr\u00e9tien des Cadres propose une r\u00e9flexion sur la foi dans le cadre de notre vie professionnelle, mais aussi plus largement et en \u00e9cho \u00e0 cette vie professionnelle, dans notre vie familiale et dans la soci\u00e9t\u00e9. Un accompagnateur spirituel \u00e9claire nos \u00e9changes et nos partages d\u2019exp\u00e9riences et de r\u00e9flexions. Les r\u00e9unions sont organis\u00e9es soit \u00e0 partir d\u2019un th\u00e8me pr\u00e9par\u00e9 \u00e0 l\u2019avance, soit \u00e0 partir de la lecture d\u2019un texte. Elles se tiennent une fois par mois. Contact sur Ch\u00e2tenay <a class=\"more-link\" href=\"https:\/\/paroisses-chatenay.fr\/stgermain\/mouvement-chretien-des-cadres\/\">Lire plus &#8230;<\/a><\/p>\n","protected":false},"author":1,"featured_media":0,"parent":0,"menu_order":0,"comment_status":"closed","ping_status":"closed","template":"","meta":{"_seopress_robots_primary_cat":"","_seopress_titles_title":"","_seopress_titles_desc":"","_seopress_robots_index":"","jetpack_post_was_ever_published":false,"footnotes":""},"class_list":["post-529","page","type-page","status-publish","hentry"],"jetpack_sharing_enabled":true,"jetpack_shortlink":"https:\/\/wp.me\/P8QOZc-8x","jetpack_likes_enabled":true,"_links":{"self":[{"href":"https:\/\/paroisses-chatenay.fr\/stgermain\/wp-json\/wp\/v2\/pages\/529","targetHints":{"allow":["GET"]}}],"collection":[{"href":"https:\/\/paroisses-chatenay.fr\/stgermain\/wp-json\/wp\/v2\/pages"}],"about":[{"href":"https:\/\/paroisses-chatenay.fr\/stgermain\/wp-json\/wp\/v2\/types\/page"}],"author":[{"embeddable":true,"href":"https:\/\/paroisses-chatenay.fr\/stgermain\/wp-json\/wp\/v2\/users\/1"}],"replies":[{"embeddable":true,"href":"https:\/\/paroisses-chatenay.fr\/stgermain\/wp-json\/wp\/v2\/comments?post=529"}],"version-history":[{"count":4,"href":"https:\/\/paroisses-chatenay.fr\/stgermain\/wp-json\/wp\/v2\/pages\/529\/revisions"}],"predecessor-version":[{"id":3086,"href":"https:\/\/paroisses-chatenay.fr\/stgermain\/wp-json\/wp\/v2\/pages\/529\/revisions\/3086"}],"wp:attachment":[{"href":"https:\/\/paroisses-chatenay.fr\/stgermain\/wp-json\/wp\/v2\/media?parent=529"}],"curies":[{"name":"wp","href":"https:\/\/api.w.org\/{rel}","templated":true}]}}