{"id":531,"date":"2017-03-14T19:49:45","date_gmt":"2017-03-14T18:49:45","guid":{"rendered":"http:\/\/www.paroisses-chatenay.fr\/stgermain\/?page_id=531"},"modified":"2018-09-23T14:11:14","modified_gmt":"2018-09-23T12:11:14","slug":"les-ateliers-de-la-foi-cetad","status":"publish","type":"page","link":"https:\/\/paroisses-chatenay.fr\/stgermain\/les-ateliers-de-la-foi-cetad\/","title":{"rendered":"Les Ateliers de la Foi (CETAD)"},"content":{"rendered":"<p>Chaque ann\u00e9e, de d\u00e9cembre \u00e0 juin, les Ateliers de la Foi du CETAD proposent une r\u00e9flexion, en petits groupes, sur le sens de la vie et la Foi chr\u00e9tienne, \u00e0 travers un cahier de 6 dossiers.<\/p>\n<p>\u00ab Des migrants chez nous \u00bb est le titre du cahier 2018-2019.<\/p>\n<p>Un tract est \u00e0 votre disposition dans votre \u00e9glise.<br \/>\nIl est possible de rejoindre une \u00e9quipe d\u00e9j\u00e0 existante ou d\u2019en former une autre.<\/p>\n<p>Responsable Pointe Sud et Bagneux :<br \/>\nDominique Algalarrondo<br \/>\n06.08.02.65.94 \u2013 algalarrondo.denis2@wanadoo.fr<\/p>\n<p>Ch\u00e2tenay :<br \/>\nArmelle Gailly 06.09.55.22.67 \u2013 amgailly@club-internet.fr<br \/>\nBrigitte Debray 06.75.58.78.70<\/p>\n<p>Sceaux-Robinson :<br \/>\nMarie-Fran\u00e7oise Laval 06.09.82.32.14<\/p>\n<p>Possibilit\u00e9 aussi d\u2019une formation \u00e0 distance via CETADNET : <a href=\"http:\/\/cetadnet.cef.fr\/index.php\">http:\/\/cetadnet.cef.fr\/index.php<\/a><\/p>\n","protected":false},"excerpt":{"rendered":"<p>Chaque ann\u00e9e, de d\u00e9cembre \u00e0 juin, les Ateliers de la Foi du CETAD proposent une r\u00e9flexion, en petits groupes, sur le sens de la vie et la Foi chr\u00e9tienne, \u00e0 travers un cahier de 6 dossiers. \u00ab Des migrants chez nous \u00bb est le titre du cahier 2018-2019. Un tract est \u00e0 votre disposition dans votre \u00e9glise. Il est possible de rejoindre une \u00e9quipe d\u00e9j\u00e0 existante ou d\u2019en former une autre. Responsable Pointe Sud et Bagneux : Dominique Algalarrondo 06.08.02.65.94 <a class=\"more-link\" href=\"https:\/\/paroisses-chatenay.fr\/stgermain\/les-ateliers-de-la-foi-cetad\/\">Lire plus &#8230;<\/a><\/p>\n","protected":false},"author":1,"featured_media":0,"parent":0,"menu_order":0,"comment_status":"closed","ping_status":"closed","template":"","meta":{"_seopress_robots_primary_cat":"","_seopress_titles_title":"","_seopress_titles_desc":"","_seopress_robots_index":"","jetpack_post_was_ever_published":false,"footnotes":""},"class_list":["post-531","page","type-page","status-publish","hentry"],"jetpack_sharing_enabled":true,"jetpack_shortlink":"https:\/\/wp.me\/P8QOZc-8z","jetpack_likes_enabled":true,"_links":{"self":[{"href":"https:\/\/paroisses-chatenay.fr\/stgermain\/wp-json\/wp\/v2\/pages\/531","targetHints":{"allow":["GET"]}}],"collection":[{"href":"https:\/\/paroisses-chatenay.fr\/stgermain\/wp-json\/wp\/v2\/pages"}],"about":[{"href":"https:\/\/paroisses-chatenay.fr\/stgermain\/wp-json\/wp\/v2\/types\/page"}],"author":[{"embeddable":true,"href":"https:\/\/paroisses-chatenay.fr\/stgermain\/wp-json\/wp\/v2\/users\/1"}],"replies":[{"embeddable":true,"href":"https:\/\/paroisses-chatenay.fr\/stgermain\/wp-json\/wp\/v2\/comments?post=531"}],"version-history":[{"count":4,"href":"https:\/\/paroisses-chatenay.fr\/stgermain\/wp-json\/wp\/v2\/pages\/531\/revisions"}],"predecessor-version":[{"id":3088,"href":"https:\/\/paroisses-chatenay.fr\/stgermain\/wp-json\/wp\/v2\/pages\/531\/revisions\/3088"}],"wp:attachment":[{"href":"https:\/\/paroisses-chatenay.fr\/stgermain\/wp-json\/wp\/v2\/media?parent=531"}],"curies":[{"name":"wp","href":"https:\/\/api.w.org\/{rel}","templated":true}]}}