{"id":571,"date":"2017-03-18T14:11:01","date_gmt":"2017-03-18T13:11:01","guid":{"rendered":"http:\/\/www.paroisses-chatenay.fr\/stgermain\/?page_id=571"},"modified":"2017-03-18T14:36:26","modified_gmt":"2017-03-18T13:36:26","slug":"equipes-sainte-francoise-romaine","status":"publish","type":"page","link":"https:\/\/paroisses-chatenay.fr\/stgermain\/equipes-sainte-francoise-romaine\/","title":{"rendered":"Equipes Sainte Fran\u00e7oise Romaine"},"content":{"rendered":"<p>L\u2019\u00e9quipe spirituelle Sainte Fran\u00e7oise Romaine r\u00e9unit des veuves qui d\u00e9sirent se rencontrer dans une grande amiti\u00e9 fraternelle, dans le but de vivifier leur esp\u00e9rance, tout en approfondissant leur foi.<\/p>\n<p>Le premier mardi du mois :<br \/>\n&#8211; Messe \u00e0 9h00 \u00e0 Saint Germain<br \/>\n&#8211; Puis r\u00e9union \u00e0 10h30 au centre paroissial.<\/p>\n<p>Contact : <b>Madeleine Bontant<\/b> (01 43 50 71 84)<\/p>\n<p>Conseiller spirituel : P\u00e8re <b>Didier Rapin<\/b><\/p>\n","protected":false},"excerpt":{"rendered":"<p>L\u2019\u00e9quipe spirituelle Sainte Fran\u00e7oise Romaine r\u00e9unit des veuves qui d\u00e9sirent se rencontrer dans une grande amiti\u00e9 fraternelle, dans le but de vivifier leur esp\u00e9rance, tout en approfondissant leur foi. Le premier mardi du mois : &#8211; Messe \u00e0 9h00 \u00e0 Saint Germain &#8211; Puis r\u00e9union \u00e0 10h30 au centre paroissial. Contact : Madeleine Bontant (01 43 50 71 84) Conseiller spirituel : P\u00e8re Didier Rapin<\/p>\n","protected":false},"author":1,"featured_media":0,"parent":0,"menu_order":0,"comment_status":"closed","ping_status":"closed","template":"","meta":{"_seopress_robots_primary_cat":"","_seopress_titles_title":"","_seopress_titles_desc":"","_seopress_robots_index":"","footnotes":""},"class_list":["post-571","page","type-page","status-publish","hentry"],"jetpack_sharing_enabled":true,"jetpack_shortlink":"https:\/\/wp.me\/P8QOZc-9d","jetpack_likes_enabled":true,"_links":{"self":[{"href":"https:\/\/paroisses-chatenay.fr\/stgermain\/wp-json\/wp\/v2\/pages\/571","targetHints":{"allow":["GET"]}}],"collection":[{"href":"https:\/\/paroisses-chatenay.fr\/stgermain\/wp-json\/wp\/v2\/pages"}],"about":[{"href":"https:\/\/paroisses-chatenay.fr\/stgermain\/wp-json\/wp\/v2\/types\/page"}],"author":[{"embeddable":true,"href":"https:\/\/paroisses-chatenay.fr\/stgermain\/wp-json\/wp\/v2\/users\/1"}],"replies":[{"embeddable":true,"href":"https:\/\/paroisses-chatenay.fr\/stgermain\/wp-json\/wp\/v2\/comments?post=571"}],"version-history":[{"count":2,"href":"https:\/\/paroisses-chatenay.fr\/stgermain\/wp-json\/wp\/v2\/pages\/571\/revisions"}],"predecessor-version":[{"id":578,"href":"https:\/\/paroisses-chatenay.fr\/stgermain\/wp-json\/wp\/v2\/pages\/571\/revisions\/578"}],"wp:attachment":[{"href":"https:\/\/paroisses-chatenay.fr\/stgermain\/wp-json\/wp\/v2\/media?parent=571"}],"curies":[{"name":"wp","href":"https:\/\/api.w.org\/{rel}","templated":true}]}}