{"id":573,"date":"2017-03-18T14:11:01","date_gmt":"2017-03-18T13:11:01","guid":{"rendered":"http:\/\/www.paroisses-chatenay.fr\/stgermain\/?page_id=573"},"modified":"2019-09-21T21:26:14","modified_gmt":"2019-09-21T19:26:14","slug":"personnes-separees-divorcees-divorcees-remariees","status":"publish","type":"page","link":"https:\/\/paroisses-chatenay.fr\/stgermain\/personnes-separees-divorcees-divorcees-remariees\/","title":{"rendered":"Personnes S\u00e9par\u00e9es, Divorc\u00e9es, Divorc\u00e9es Remari\u00e9es"},"content":{"rendered":"<p>Pour les personnes s\u00e9par\u00e9es, divorc\u00e9es<br \/>\n<img data-recalc-dims=\"1\" loading=\"lazy\" decoding=\"async\" class=\"alignnone size-full wp-image-579 alignright\" src=\"https:\/\/i0.wp.com\/www.paroisses-chatenay.fr\/stgermain\/wp-content\/uploads\/2017\/03\/mainTendue.jpg?resize=140%2C284\" alt=\"\" width=\"140\" height=\"284\" \/><br \/>\nLe P\u00e8re<b> Dominique\u00a0<strong>Doyhenart\u00a0<\/strong><\/b>re\u00e7oit les personnes concern\u00e9es.<br \/>\n<i><b>Contact <\/b><\/i>:<\/p>\n<hr \/>\n<p><strong>La Main Tendue<\/strong><\/p>\n<p>Ce groupe accueille les personnes s\u00e9par\u00e9es ou divorc\u00e9es (remari\u00e9es ou non) qui recherchent en Eglise un sens aux \u00e9preuves qu&rsquo;ils vivent, en s&rsquo;appuyant sur le partage fraternel, la parole de Dieu et la pri\u00e8re.<\/p>\n<p>C&rsquo;est le lieu d&rsquo;une expression libre et d&rsquo;une \u00e9coute bienveillante.<\/p>\n<p>Prochaines r\u00e9unions :<br \/>\n\u2022 mardi 8 octobre 2019,<br \/>\n\u2022 mardi 10 d\u00e9cembre 2019,<br \/>\n\u2022 mardi 11 f\u00e9vrier 2020,<br \/>\n\u2022 mardi 14 avril 2020.<br \/>\n\u2022 mardi 9 juin 2020.<\/p>\n<p>Contacts : Pour tout renseignement, contacter Dani\u00e8le Canton au 06.82.87.83.58 ou par<b> <\/b>mail \u00e0 <a href=\"mailto:daniele.canton@wanadoo.fr\">daniele.canton@wanadoo.fr<\/a><\/p>\n<hr \/>\n<p><strong>Reconnaissance de nullit\u00e9 de mariage<\/strong><\/p>\n<p>Votre mariage est d\u00e9finitivement rompu, mais vous avez des doutes sur la validit\u00e9 religieuse de votre union. Vous souhaiteriez pouvoir un avis \u00e9clair\u00e9 sur la question.<\/p>\n<p>Pour cela le dioc\u00e8se a ouvert une page internet : <a href=\"http:\/\/92.catholique.fr\/les-couples-en-souffrance\">http:\/\/92.catholique.fr\/les-couples-en-souffrance<\/a><\/p>\n<p>En lien avec la chancellerie\u00a0 du dioc\u00e8se, un couple qui a d\u00e9j\u00e0 conu ce parcours peut vous accompagner dans cette d\u00e9marche, le cas \u00e9ch\u00e9ant.<\/p>\n<p>Contact<br \/>\n<b>Val\u00e9rie et Nicolas Quentin<\/b> &#8211; 06 67 09 77 89<br \/>\nvalerie.vecciani@gmail.com<\/p>\n","protected":false},"excerpt":{"rendered":"<p>Pour les personnes s\u00e9par\u00e9es, divorc\u00e9es Le P\u00e8re Dominique\u00a0Doyhenart\u00a0re\u00e7oit les personnes concern\u00e9es. Contact : La Main Tendue Ce groupe accueille les personnes s\u00e9par\u00e9es ou divorc\u00e9es (remari\u00e9es ou non) qui recherchent en Eglise un sens aux \u00e9preuves qu&rsquo;ils vivent, en s&rsquo;appuyant sur le partage fraternel, la parole de Dieu et la pri\u00e8re. C&rsquo;est le lieu d&rsquo;une expression libre et d&rsquo;une \u00e9coute bienveillante. Prochaines r\u00e9unions : \u2022 mardi 8 octobre 2019, \u2022 mardi 10 d\u00e9cembre 2019, \u2022 mardi 11 f\u00e9vrier 2020, \u2022 mardi <a class=\"more-link\" href=\"https:\/\/paroisses-chatenay.fr\/stgermain\/personnes-separees-divorcees-divorcees-remariees\/\">Lire plus &#8230;<\/a><\/p>\n","protected":false},"author":1,"featured_media":0,"parent":0,"menu_order":0,"comment_status":"closed","ping_status":"closed","template":"","meta":{"_seopress_robots_primary_cat":"","_seopress_titles_title":"","_seopress_titles_desc":"","_seopress_robots_index":"","jetpack_post_was_ever_published":false,"footnotes":""},"class_list":["post-573","page","type-page","status-publish","hentry"],"jetpack_sharing_enabled":true,"jetpack_shortlink":"https:\/\/wp.me\/P8QOZc-9f","jetpack_likes_enabled":true,"_links":{"self":[{"href":"https:\/\/paroisses-chatenay.fr\/stgermain\/wp-json\/wp\/v2\/pages\/573","targetHints":{"allow":["GET"]}}],"collection":[{"href":"https:\/\/paroisses-chatenay.fr\/stgermain\/wp-json\/wp\/v2\/pages"}],"about":[{"href":"https:\/\/paroisses-chatenay.fr\/stgermain\/wp-json\/wp\/v2\/types\/page"}],"author":[{"embeddable":true,"href":"https:\/\/paroisses-chatenay.fr\/stgermain\/wp-json\/wp\/v2\/users\/1"}],"replies":[{"embeddable":true,"href":"https:\/\/paroisses-chatenay.fr\/stgermain\/wp-json\/wp\/v2\/comments?post=573"}],"version-history":[{"count":7,"href":"https:\/\/paroisses-chatenay.fr\/stgermain\/wp-json\/wp\/v2\/pages\/573\/revisions"}],"predecessor-version":[{"id":4654,"href":"https:\/\/paroisses-chatenay.fr\/stgermain\/wp-json\/wp\/v2\/pages\/573\/revisions\/4654"}],"wp:attachment":[{"href":"https:\/\/paroisses-chatenay.fr\/stgermain\/wp-json\/wp\/v2\/media?parent=573"}],"curies":[{"name":"wp","href":"https:\/\/api.w.org\/{rel}","templated":true}]}}