{"id":582,"date":"2017-03-18T14:43:51","date_gmt":"2017-03-18T13:43:51","guid":{"rendered":"http:\/\/www.paroisses-chatenay.fr\/stgermain\/?page_id=582"},"modified":"2017-03-18T18:18:16","modified_gmt":"2017-03-18T17:18:16","slug":"association-des-chretiens-pour-labolition-de-la-torture","status":"publish","type":"page","link":"https:\/\/paroisses-chatenay.fr\/stgermain\/association-des-chretiens-pour-labolition-de-la-torture\/","title":{"rendered":"Association des Chr\u00e9tiens pour l&rsquo;Abolition de la Torture"},"content":{"rendered":"<p>L\u2019A.C.A.T. est une ONG chr\u00e9tienne \u0153cum\u00e9nique, cr\u00e9\u00e9e en 1974 avec le statut d&rsquo;utilit\u00e9 publique. <img data-recalc-dims=\"1\" loading=\"lazy\" decoding=\"async\" data-attachment-id=\"617\" data-permalink=\"https:\/\/paroisses-chatenay.fr\/stgermain\/association-des-chretiens-pour-labolition-de-la-torture\/acat\/#main\" data-orig-file=\"https:\/\/i0.wp.com\/paroisses-chatenay.fr\/stgermain\/wp-content\/uploads\/2017\/03\/ACAT.png?fit=280%2C100&amp;ssl=1\" data-orig-size=\"280,100\" data-comments-opened=\"0\" data-image-meta=\"{&quot;aperture&quot;:&quot;0&quot;,&quot;credit&quot;:&quot;&quot;,&quot;camera&quot;:&quot;&quot;,&quot;caption&quot;:&quot;&quot;,&quot;created_timestamp&quot;:&quot;0&quot;,&quot;copyright&quot;:&quot;&quot;,&quot;focal_length&quot;:&quot;0&quot;,&quot;iso&quot;:&quot;0&quot;,&quot;shutter_speed&quot;:&quot;0&quot;,&quot;title&quot;:&quot;&quot;,&quot;orientation&quot;:&quot;0&quot;}\" data-image-title=\"ACAT\" data-image-description=\"\" data-image-caption=\"\" data-large-file=\"https:\/\/i0.wp.com\/paroisses-chatenay.fr\/stgermain\/wp-content\/uploads\/2017\/03\/ACAT.png?fit=280%2C100&amp;ssl=1\" class=\"size-full wp-image-617 alignright\" src=\"https:\/\/i0.wp.com\/www.paroisses-chatenay.fr\/stgermain\/wp-content\/uploads\/2017\/03\/ACAT.png?resize=280%2C100\" alt=\"\" width=\"280\" height=\"100\" \/><br \/>\nElle a le soutien de Conseil des Eglises Chr\u00e9tiennes en France (CECEF).<\/p>\n<p>L&rsquo;ACAT fonde son action sur les droits de la personne humaine et l&rsquo;Evangile.<br \/>\nLa pri\u00e8re est au coeur de son action.<\/p>\n<p>Son mandat :<br \/>\n\u25baLutter contre la torture<br \/>\n\u25baAbolir la peine de mort<br \/>\n\u25baProt\u00e9ger les victimes<\/p>\n<p>L&rsquo;ACAT France comprend environ 37000 adh\u00e9rents et donateurs, 350 groupes locaux et 23 salari\u00e9s au si\u00e8ge de Paris.<\/p>\n<p>Notre groupe \u00e0 Ch\u00e2tenay Malabry se r\u00e9unit une fois par mois, de 20h \u00e0 22h.<\/p>\n<p>Nous serions heureux d&rsquo;accueillir de nouveaux participants int\u00e9ress\u00e9s par notre d\u00e9marche.<\/p>\n<p>Site de l&rsquo;A.C.A.T. en France : http:\/\/www.acatfrance.fr\/<\/p>\n<p>Contact : Madeleine Crochet (01 43 50 98 67<\/p>\n","protected":false},"excerpt":{"rendered":"<p>L\u2019A.C.A.T. est une ONG chr\u00e9tienne \u0153cum\u00e9nique, cr\u00e9\u00e9e en 1974 avec le statut d&rsquo;utilit\u00e9 publique. Elle a le soutien de Conseil des Eglises Chr\u00e9tiennes en France (CECEF). L&rsquo;ACAT fonde son action sur les droits de la personne humaine et l&rsquo;Evangile. La pri\u00e8re est au coeur de son action. Son mandat : \u25baLutter contre la torture \u25baAbolir la peine de mort \u25baProt\u00e9ger les victimes L&rsquo;ACAT France comprend environ 37000 adh\u00e9rents et donateurs, 350 groupes locaux et 23 salari\u00e9s au si\u00e8ge de Paris. <a class=\"more-link\" href=\"https:\/\/paroisses-chatenay.fr\/stgermain\/association-des-chretiens-pour-labolition-de-la-torture\/\">Lire plus &#8230;<\/a><\/p>\n","protected":false},"author":1,"featured_media":0,"parent":0,"menu_order":0,"comment_status":"closed","ping_status":"closed","template":"","meta":{"_seopress_robots_primary_cat":"","_seopress_titles_title":"","_seopress_titles_desc":"","_seopress_robots_index":"","jetpack_post_was_ever_published":false,"footnotes":""},"class_list":["post-582","page","type-page","status-publish","hentry"],"jetpack_sharing_enabled":true,"jetpack_shortlink":"https:\/\/wp.me\/P8QOZc-9o","jetpack_likes_enabled":true,"_links":{"self":[{"href":"https:\/\/paroisses-chatenay.fr\/stgermain\/wp-json\/wp\/v2\/pages\/582","targetHints":{"allow":["GET"]}}],"collection":[{"href":"https:\/\/paroisses-chatenay.fr\/stgermain\/wp-json\/wp\/v2\/pages"}],"about":[{"href":"https:\/\/paroisses-chatenay.fr\/stgermain\/wp-json\/wp\/v2\/types\/page"}],"author":[{"embeddable":true,"href":"https:\/\/paroisses-chatenay.fr\/stgermain\/wp-json\/wp\/v2\/users\/1"}],"replies":[{"embeddable":true,"href":"https:\/\/paroisses-chatenay.fr\/stgermain\/wp-json\/wp\/v2\/comments?post=582"}],"version-history":[{"count":2,"href":"https:\/\/paroisses-chatenay.fr\/stgermain\/wp-json\/wp\/v2\/pages\/582\/revisions"}],"predecessor-version":[{"id":618,"href":"https:\/\/paroisses-chatenay.fr\/stgermain\/wp-json\/wp\/v2\/pages\/582\/revisions\/618"}],"wp:attachment":[{"href":"https:\/\/paroisses-chatenay.fr\/stgermain\/wp-json\/wp\/v2\/media?parent=582"}],"curies":[{"name":"wp","href":"https:\/\/api.w.org\/{rel}","templated":true}]}}