{"id":589,"date":"2017-03-18T14:43:52","date_gmt":"2017-03-18T13:43:52","guid":{"rendered":"http:\/\/www.paroisses-chatenay.fr\/stgermain\/?page_id=589"},"modified":"2017-03-18T18:24:54","modified_gmt":"2017-03-18T17:24:54","slug":"cafe-du-lundi","status":"publish","type":"page","link":"https:\/\/paroisses-chatenay.fr\/stgermain\/cafe-du-lundi\/","title":{"rendered":"Caf\u00e9 du Lundi"},"content":{"rendered":"<p>Le lundi aussi \u00e0 14h le \u00ab <b>Caf\u00e9 du Lundi<\/b> \u00bb accueille pour un moment de convivialit\u00e9.<\/p>\n<p><i><b>Contact <\/b><\/i>:<br \/>\nMalou Hoc ( 01 43 50 23 50 )<\/p>\n<hr \/>\n<p>Alors que l&rsquo;activit\u00e9 du Vestiaire bat son plein \u00e0 l&rsquo;\u00e9tage du dessous, Michel, Malou et Michelle accueillent, au Bar du Centre Paroissial, tous ceux qui passent : femmes venues au Vestiaire, sdf, paroissiens, non paroissiens, tous ceux qui, occasionnels ou habitu\u00e9s, prendront un caf\u00e9 et s&rsquo;ils le d\u00e9sirent, bavarderont un moment.<\/p>\n<p>Voici Nelly. Jeune et jolie, seule, sans travail, elle n&rsquo;a pas les moyens de s&rsquo;occuper de ses cinq enfants. Alors, trois sont\u00a0 \u00ab plac\u00e9s \u00bb, loin d&rsquo;ici, attendant une improbable visite mensuelle, si elle peut payer le train.<\/p>\n<p>Et encore, Rose dont le mari vient de dispara\u00eetre.<br \/>\nUn caf\u00e9, des sourires, un \u00e9change sur ses probl\u00e8mes administratifs, elle aura pendant quelques minutes mis sa solitude et son chagrin de c\u00f4t\u00e9.<\/p>\n<p>Peter, encore sous l&rsquo;effet du dernier verre, le visage rougi, la d\u00e9marche difficile.<br \/>\nLorsque nous l&rsquo;avons connu, il y a quelques ann\u00e9es, il arrivait de Pologne avec quelques \u00e9tudes v\u00e9t\u00e9rinaires, il parcourait l&rsquo;Europe, avec son chien. Il \u00e9tait bien. Juste un peu original.<\/p>\n<p>\u00ab P&rsquo;tit Louis est mort \u00bb. C&rsquo;est Jean qui vient d&rsquo;arriver. Il a jet\u00e9 l&rsquo;information. C&rsquo;\u00e9tait son copain de squat.<br \/>\nNous comprenons vite que notre \u00e9motion doit s&rsquo;arr\u00eater l\u00e0. C&rsquo;est brutal, c&rsquo;est la vie, c&rsquo;est leur vie. On meurt vite et plus t\u00f4t que pr\u00e9vu lorsqu&rsquo;on n&rsquo;a pas de vrai domicile.<\/p>\n<p>Voil\u00e0 Monsieur Grand, vieux paroissien lui aussi. Avec lui nous allons certainement apprendre des choses, car malgr\u00e9 son \u00e2ge et ses difficult\u00e9s, son esprit alerte r\u00e9pondra volontiers \u00e0 nos interrogations, qu&rsquo;elles soient techniques, politiques ou existentielles.<\/p>\n<p>Car nous aussi aimons \u00e9changer. Ces moments pass\u00e9s avec ces visiteurs al\u00e9atoires nous sont essentiels.<br \/>\nNous qui avons tendance \u00e0 refaire le monde, tous ces regards ext\u00e9rieurs nous obligent \u00e0 l&rsquo;humilit\u00e9 par leur \u00e9clairage souvent inattendu.<\/p>\n<p>Ils nous confirment dans notre ignorance de l&rsquo;Autre et nous apprennent \u00e0 le regarder.<\/p>\n<p>L&rsquo;id\u00e9e du Caf\u00e9, ce fut celle d&rsquo;Yvette, lorsqu&rsquo;elle \u00e9tait \u00ab foyer d&rsquo;accueil \u00bb de Saint Germain.<br \/>\nElle avait pris l&rsquo;habitude de servir un peu de caf\u00e9 aux personnes faisant la queue au froid, dans la cour, pour le Vestiaire ou devant le bureau de l&rsquo;\u00e9quipe\u00a0 Saint Vincent de Paul.<\/p>\n<p>C&rsquo;est en 2000 que nous avons ouvert le Bar dans l&#8217;emplacement actuel.<\/p>\n<p>Depuis,<br \/>\n<b><i>chacun y est le bienvenu.<\/i><\/b><\/p>\n","protected":false},"excerpt":{"rendered":"<p>Le lundi aussi \u00e0 14h le \u00ab Caf\u00e9 du Lundi \u00bb accueille pour un moment de convivialit\u00e9. Contact : Malou Hoc ( 01 43 50 23 50 ) Alors que l&rsquo;activit\u00e9 du Vestiaire bat son plein \u00e0 l&rsquo;\u00e9tage du dessous, Michel, Malou et Michelle accueillent, au Bar du Centre Paroissial, tous ceux qui passent : femmes venues au Vestiaire, sdf, paroissiens, non paroissiens, tous ceux qui, occasionnels ou habitu\u00e9s, prendront un caf\u00e9 et s&rsquo;ils le d\u00e9sirent, bavarderont un moment. Voici <a class=\"more-link\" href=\"https:\/\/paroisses-chatenay.fr\/stgermain\/cafe-du-lundi\/\">Lire plus &#8230;<\/a><\/p>\n","protected":false},"author":1,"featured_media":0,"parent":0,"menu_order":0,"comment_status":"closed","ping_status":"closed","template":"","meta":{"_seopress_robots_primary_cat":"","_seopress_titles_title":"","_seopress_titles_desc":"","_seopress_robots_index":"","jetpack_post_was_ever_published":false,"footnotes":""},"class_list":["post-589","page","type-page","status-publish","hentry"],"jetpack_sharing_enabled":true,"jetpack_shortlink":"https:\/\/wp.me\/P8QOZc-9v","jetpack_likes_enabled":true,"_links":{"self":[{"href":"https:\/\/paroisses-chatenay.fr\/stgermain\/wp-json\/wp\/v2\/pages\/589","targetHints":{"allow":["GET"]}}],"collection":[{"href":"https:\/\/paroisses-chatenay.fr\/stgermain\/wp-json\/wp\/v2\/pages"}],"about":[{"href":"https:\/\/paroisses-chatenay.fr\/stgermain\/wp-json\/wp\/v2\/types\/page"}],"author":[{"embeddable":true,"href":"https:\/\/paroisses-chatenay.fr\/stgermain\/wp-json\/wp\/v2\/users\/1"}],"replies":[{"embeddable":true,"href":"https:\/\/paroisses-chatenay.fr\/stgermain\/wp-json\/wp\/v2\/comments?post=589"}],"version-history":[{"count":3,"href":"https:\/\/paroisses-chatenay.fr\/stgermain\/wp-json\/wp\/v2\/pages\/589\/revisions"}],"predecessor-version":[{"id":626,"href":"https:\/\/paroisses-chatenay.fr\/stgermain\/wp-json\/wp\/v2\/pages\/589\/revisions\/626"}],"wp:attachment":[{"href":"https:\/\/paroisses-chatenay.fr\/stgermain\/wp-json\/wp\/v2\/media?parent=589"}],"curies":[{"name":"wp","href":"https:\/\/api.w.org\/{rel}","templated":true}]}}