{"id":629,"date":"2017-03-18T18:31:37","date_gmt":"2017-03-18T17:31:37","guid":{"rendered":"http:\/\/www.paroisses-chatenay.fr\/stgermain\/?page_id=629"},"modified":"2017-03-18T18:36:47","modified_gmt":"2017-03-18T17:36:47","slug":"bible-et-priere-de-la-maison-heureuse","status":"publish","type":"page","link":"https:\/\/paroisses-chatenay.fr\/stgermain\/bible-et-priere-de-la-maison-heureuse\/","title":{"rendered":"Bible et Pri\u00e8re de la Maison Heureuse"},"content":{"rendered":"<p>Quelques r\u00e9sidents de la Maison Heureuse se retrouvent pour un temps de partage et de pri\u00e8re , un vendredi par mois de 18h \u00e0 19h15.<img data-recalc-dims=\"1\" loading=\"lazy\" decoding=\"async\" data-attachment-id=\"651\" data-permalink=\"https:\/\/paroisses-chatenay.fr\/stgermain\/bible-et-priere-de-la-maison-heureuse\/maisonheureuse\/#main\" data-orig-file=\"https:\/\/i0.wp.com\/paroisses-chatenay.fr\/stgermain\/wp-content\/uploads\/2017\/03\/maisonHeureuse.jpg?fit=259%2C194&amp;ssl=1\" data-orig-size=\"259,194\" data-comments-opened=\"0\" data-image-meta=\"{&quot;aperture&quot;:&quot;0&quot;,&quot;credit&quot;:&quot;&quot;,&quot;camera&quot;:&quot;&quot;,&quot;caption&quot;:&quot;&quot;,&quot;created_timestamp&quot;:&quot;0&quot;,&quot;copyright&quot;:&quot;&quot;,&quot;focal_length&quot;:&quot;0&quot;,&quot;iso&quot;:&quot;0&quot;,&quot;shutter_speed&quot;:&quot;0&quot;,&quot;title&quot;:&quot;&quot;,&quot;orientation&quot;:&quot;0&quot;}\" data-image-title=\"maisonHeureuse\" data-image-description=\"\" data-image-caption=\"\" data-large-file=\"https:\/\/i0.wp.com\/paroisses-chatenay.fr\/stgermain\/wp-content\/uploads\/2017\/03\/maisonHeureuse.jpg?fit=259%2C194&amp;ssl=1\" class=\" wp-image-651 alignright\" src=\"https:\/\/i0.wp.com\/www.paroisses-chatenay.fr\/stgermain\/wp-content\/uploads\/2017\/03\/maisonHeureuse.jpg?resize=203%2C152\" alt=\"\" width=\"203\" height=\"152\" \/><\/p>\n<p>Ce groupe est ouvert \u00e0 accueillir toute personne d\u00e9sireuse de participer.<\/p>\n<p>Contacts:<br \/>\n<b>Claire Girard<\/b> : 01 41 13 72 10<br \/>\n<b>Armelle Gailly<\/b> : 01 46 32 34 72<\/p>\n","protected":false},"excerpt":{"rendered":"<p>Quelques r\u00e9sidents de la Maison Heureuse se retrouvent pour un temps de partage et de pri\u00e8re , un vendredi par mois de 18h \u00e0 19h15. Ce groupe est ouvert \u00e0 accueillir toute personne d\u00e9sireuse de participer. Contacts: Claire Girard : 01 41 13 72 10 Armelle Gailly : 01 46 32 34 72<\/p>\n","protected":false},"author":1,"featured_media":0,"parent":0,"menu_order":0,"comment_status":"closed","ping_status":"closed","template":"","meta":{"_seopress_robots_primary_cat":"","_seopress_titles_title":"","_seopress_titles_desc":"","_seopress_robots_index":"","jetpack_post_was_ever_published":false,"footnotes":""},"class_list":["post-629","page","type-page","status-publish","hentry"],"jetpack_sharing_enabled":true,"jetpack_shortlink":"https:\/\/wp.me\/P8QOZc-a9","jetpack_likes_enabled":true,"_links":{"self":[{"href":"https:\/\/paroisses-chatenay.fr\/stgermain\/wp-json\/wp\/v2\/pages\/629","targetHints":{"allow":["GET"]}}],"collection":[{"href":"https:\/\/paroisses-chatenay.fr\/stgermain\/wp-json\/wp\/v2\/pages"}],"about":[{"href":"https:\/\/paroisses-chatenay.fr\/stgermain\/wp-json\/wp\/v2\/types\/page"}],"author":[{"embeddable":true,"href":"https:\/\/paroisses-chatenay.fr\/stgermain\/wp-json\/wp\/v2\/users\/1"}],"replies":[{"embeddable":true,"href":"https:\/\/paroisses-chatenay.fr\/stgermain\/wp-json\/wp\/v2\/comments?post=629"}],"version-history":[{"count":2,"href":"https:\/\/paroisses-chatenay.fr\/stgermain\/wp-json\/wp\/v2\/pages\/629\/revisions"}],"predecessor-version":[{"id":652,"href":"https:\/\/paroisses-chatenay.fr\/stgermain\/wp-json\/wp\/v2\/pages\/629\/revisions\/652"}],"wp:attachment":[{"href":"https:\/\/paroisses-chatenay.fr\/stgermain\/wp-json\/wp\/v2\/media?parent=629"}],"curies":[{"name":"wp","href":"https:\/\/api.w.org\/{rel}","templated":true}]}}