{"id":633,"date":"2017-03-18T18:31:37","date_gmt":"2017-03-18T17:31:37","guid":{"rendered":"http:\/\/www.paroisses-chatenay.fr\/stgermain\/?page_id=633"},"modified":"2020-09-20T17:41:06","modified_gmt":"2020-09-20T15:41:06","slug":"equipes-du-rosaire","status":"publish","type":"page","link":"https:\/\/paroisses-chatenay.fr\/stgermain\/equipes-du-rosaire\/","title":{"rendered":"Equipes du Rosaire"},"content":{"rendered":"<p><img data-recalc-dims=\"1\" loading=\"lazy\" decoding=\"async\" data-attachment-id=\"649\" data-permalink=\"https:\/\/paroisses-chatenay.fr\/stgermain\/equipes-du-rosaire\/equipesdurosaire\/#main\" data-orig-file=\"https:\/\/i0.wp.com\/paroisses-chatenay.fr\/stgermain\/wp-content\/uploads\/2017\/03\/EquipesDuRosaire.jpg?fit=143%2C167&amp;ssl=1\" data-orig-size=\"143,167\" data-comments-opened=\"0\" data-image-meta=\"{&quot;aperture&quot;:&quot;0&quot;,&quot;credit&quot;:&quot;&quot;,&quot;camera&quot;:&quot;&quot;,&quot;caption&quot;:&quot;&quot;,&quot;created_timestamp&quot;:&quot;0&quot;,&quot;copyright&quot;:&quot;&quot;,&quot;focal_length&quot;:&quot;0&quot;,&quot;iso&quot;:&quot;0&quot;,&quot;shutter_speed&quot;:&quot;0&quot;,&quot;title&quot;:&quot;&quot;,&quot;orientation&quot;:&quot;0&quot;}\" data-image-title=\"EquipesDuRosaire\" data-image-description=\"\" data-image-caption=\"\" data-large-file=\"https:\/\/i0.wp.com\/paroisses-chatenay.fr\/stgermain\/wp-content\/uploads\/2017\/03\/EquipesDuRosaire.jpg?fit=143%2C167&amp;ssl=1\" class=\"size-full wp-image-649 alignright\" src=\"https:\/\/i0.wp.com\/www.paroisses-chatenay.fr\/stgermain\/wp-content\/uploads\/2017\/03\/EquipesDuRosaire.jpg?resize=143%2C167\" alt=\"\" width=\"143\" height=\"167\" \/><\/p>\n<p><strong>Mercredi 7 Octobre 2020, f\u00eate de Notre Dame du Rosaire :<\/strong>\u00a0temps de pri\u00e8re de l&rsquo;\u00e9quipe du Rosaire \u00e0 l&rsquo;\u00e9glise.<\/p>\n<p>Ce sont de \u00ab petites communaut\u00e9s fraternelles de foi \u00bb de quartier ou de village <b>qui invitent les personnes \u00e0 prier ensemble, chez l\u2019un ou chez l\u2019autre<\/b>, avec la Vierge Marie, et \u00e0 vivre l\u2019Evangile \u00e0 l\u2019int\u00e9rieur et en dehors de l\u2019Equipe.<\/p>\n<p>Nos \u00e9quipes sont ouvertes \u00e0 tous ceux qui veulent prier, d\u00e9couvrir ou reprendre souffle et se ressourcer avec le soutien des uns et des autres dans la <b>simplicit\u00e9 et l\u2019amiti\u00e9<\/b>.<\/p>\n<p>Et cela sans consid\u00e9ration d\u2019\u00e2ges, de milieux, de situations familiales et de cultures.<\/p>\n<p><b>Une dizaine de chapelet rythme notre pri\u00e8re quotidienne.<\/b><\/p>\n<p>Contact : <b>Marie-Th\u00e9r\u00e8se Guillot <\/b>\u00a001 47 02 98 30 ou 06 80 85 99 37 <a href=\"mailto:mt.guillot@wanadoo.fr?subject=Les%20Equipes%20du%20Rosaire\">mt.guillot@wanadoo.fr<\/a><\/p>\n<p>Site Internet des Equipes du Rosaire : <a href=\"http:\/\/www.rosaire.org\/\">http:\/\/www.rosaire.org\/<br \/>\n<\/a><\/p>\n","protected":false},"excerpt":{"rendered":"<p>Mercredi 7 Octobre 2020, f\u00eate de Notre Dame du Rosaire :\u00a0temps de pri\u00e8re de l&rsquo;\u00e9quipe du Rosaire \u00e0 l&rsquo;\u00e9glise. Ce sont de \u00ab petites communaut\u00e9s fraternelles de foi \u00bb de quartier ou de village qui invitent les personnes \u00e0 prier ensemble, chez l\u2019un ou chez l\u2019autre, avec la Vierge Marie, et \u00e0 vivre l\u2019Evangile \u00e0 l\u2019int\u00e9rieur et en dehors de l\u2019Equipe. Nos \u00e9quipes sont ouvertes \u00e0 tous ceux qui veulent prier, d\u00e9couvrir ou reprendre souffle et se ressourcer avec le <a class=\"more-link\" href=\"https:\/\/paroisses-chatenay.fr\/stgermain\/equipes-du-rosaire\/\">Lire plus &#8230;<\/a><\/p>\n","protected":false},"author":1,"featured_media":0,"parent":0,"menu_order":0,"comment_status":"closed","ping_status":"closed","template":"","meta":{"_seopress_robots_primary_cat":"","_seopress_titles_title":"","_seopress_titles_desc":"","_seopress_robots_index":"","jetpack_post_was_ever_published":false,"footnotes":""},"class_list":["post-633","page","type-page","status-publish","hentry"],"jetpack_sharing_enabled":true,"jetpack_shortlink":"https:\/\/wp.me\/P8QOZc-ad","jetpack_likes_enabled":true,"_links":{"self":[{"href":"https:\/\/paroisses-chatenay.fr\/stgermain\/wp-json\/wp\/v2\/pages\/633","targetHints":{"allow":["GET"]}}],"collection":[{"href":"https:\/\/paroisses-chatenay.fr\/stgermain\/wp-json\/wp\/v2\/pages"}],"about":[{"href":"https:\/\/paroisses-chatenay.fr\/stgermain\/wp-json\/wp\/v2\/types\/page"}],"author":[{"embeddable":true,"href":"https:\/\/paroisses-chatenay.fr\/stgermain\/wp-json\/wp\/v2\/users\/1"}],"replies":[{"embeddable":true,"href":"https:\/\/paroisses-chatenay.fr\/stgermain\/wp-json\/wp\/v2\/comments?post=633"}],"version-history":[{"count":5,"href":"https:\/\/paroisses-chatenay.fr\/stgermain\/wp-json\/wp\/v2\/pages\/633\/revisions"}],"predecessor-version":[{"id":6296,"href":"https:\/\/paroisses-chatenay.fr\/stgermain\/wp-json\/wp\/v2\/pages\/633\/revisions\/6296"}],"wp:attachment":[{"href":"https:\/\/paroisses-chatenay.fr\/stgermain\/wp-json\/wp\/v2\/media?parent=633"}],"curies":[{"name":"wp","href":"https:\/\/api.w.org\/{rel}","templated":true}]}}