{"id":7048,"date":"2021-01-05T19:50:59","date_gmt":"2021-01-05T18:50:59","guid":{"rendered":"http:\/\/www.paroisses-chatenay.fr\/stgermain\/?page_id=7048"},"modified":"2021-01-16T12:43:11","modified_gmt":"2021-01-16T11:43:11","slug":"samedi-23-janvier-15h00-semaine-de-priere-pour-lunite-des-chretiens-celebration-a-sainte-germaine-cachan","status":"publish","type":"page","link":"https:\/\/paroisses-chatenay.fr\/stgermain\/samedi-23-janvier-15h00-semaine-de-priere-pour-lunite-des-chretiens-celebration-a-sainte-germaine-cachan\/","title":{"rendered":"Samedi 23 Janvier, 14h30 (au lieu de initialement 15h) : c\u00e9l\u00e9bration \u00e0 Sainte Germaine (Cachan) pour la semaine de pri\u00e8re pour l\u2019unit\u00e9 des chr\u00e9tiens"},"content":{"rendered":"","protected":false},"excerpt":{"rendered":"","protected":false},"author":1,"featured_media":0,"parent":0,"menu_order":0,"comment_status":"closed","ping_status":"closed","template":"","meta":{"_seopress_robots_primary_cat":"","_seopress_titles_title":"","_seopress_titles_desc":"","_seopress_robots_index":"","jetpack_post_was_ever_published":false,"footnotes":""},"class_list":["post-7048","page","type-page","status-publish","hentry"],"jetpack_sharing_enabled":true,"jetpack_shortlink":"https:\/\/wp.me\/P8QOZc-1PG","jetpack_likes_enabled":true,"_links":{"self":[{"href":"https:\/\/paroisses-chatenay.fr\/stgermain\/wp-json\/wp\/v2\/pages\/7048","targetHints":{"allow":["GET"]}}],"collection":[{"href":"https:\/\/paroisses-chatenay.fr\/stgermain\/wp-json\/wp\/v2\/pages"}],"about":[{"href":"https:\/\/paroisses-chatenay.fr\/stgermain\/wp-json\/wp\/v2\/types\/page"}],"author":[{"embeddable":true,"href":"https:\/\/paroisses-chatenay.fr\/stgermain\/wp-json\/wp\/v2\/users\/1"}],"replies":[{"embeddable":true,"href":"https:\/\/paroisses-chatenay.fr\/stgermain\/wp-json\/wp\/v2\/comments?post=7048"}],"version-history":[{"count":3,"href":"https:\/\/paroisses-chatenay.fr\/stgermain\/wp-json\/wp\/v2\/pages\/7048\/revisions"}],"predecessor-version":[{"id":7080,"href":"https:\/\/paroisses-chatenay.fr\/stgermain\/wp-json\/wp\/v2\/pages\/7048\/revisions\/7080"}],"wp:attachment":[{"href":"https:\/\/paroisses-chatenay.fr\/stgermain\/wp-json\/wp\/v2\/media?parent=7048"}],"curies":[{"name":"wp","href":"https:\/\/api.w.org\/{rel}","templated":true}]}}