{"id":8128,"date":"2021-11-23T19:27:31","date_gmt":"2021-11-23T18:27:31","guid":{"rendered":"https:\/\/paroisses-chatenay.fr\/stgermain\/?page_id=8128"},"modified":"2021-11-23T19:29:25","modified_gmt":"2021-11-23T18:29:25","slug":"dimanche-4-decembre-18h30-messe-des-familles","status":"publish","type":"page","link":"https:\/\/paroisses-chatenay.fr\/stgermain\/dimanche-4-decembre-18h30-messe-des-familles\/","title":{"rendered":"Samedi 4 D\u00e9cembre, 18h30 : Messe des familles"},"content":{"rendered":"\n<figure class=\"wp-block-image\"><img decoding=\"async\" src=\"https:\/\/i0.wp.com\/paroisses-chatenay.fr\/stgermain\/wp-content\/uploads\/2020\/12\/MesseDesFamilles.png?resize=540%2C772&amp;ssl=1\" alt=\"\" class=\"wp-image-8000\"\/><\/figure>\n\n\n\n<h2 class=\"wp-block-heading\" id=\"samedi-4-decembre-18-h30-la-messe-sera-animee-par-et-pour-les-familles-qui-y-seront-toutes-les-bienvenues-de-0-a-99-ans-n-hesitez-pas-a-prendre-un-tract-a-la-fin-de-la-messe-et-a-en-faire-la-promotion\"><strong>Samedi 4 d\u00e9cembre, 18 h30. la messe sera anim\u00e9e par<\/strong>\u00a0et pour les familles, qui y seront toutes les bienvenues de 0 \u00e0 99 ans! <\/h2>\n\n\n\n<h2 class=\"wp-block-heading\" id=\"samedi-4-decembre-18-h30-la-messe-sera-animee-par-et-pour-les-familles-qui-y-seront-toutes-les-bienvenues-de-0-a-99-ans-n-hesitez-pas-a-prendre-un-tract-a-la-fin-de-la-messe-et-a-en-faire-la-promotion\">N\u2019h\u00e9sitez pas \u00e0 prendre un tract \u00e0 la fin de la messe et \u00e0 en faire la promotion<\/h2>\n","protected":false},"excerpt":{"rendered":"<p>Samedi 4 d\u00e9cembre, 18 h30. la messe sera anim\u00e9e par\u00a0et pour les familles, qui y seront toutes les bienvenues de 0 \u00e0 99 ans! N\u2019h\u00e9sitez pas \u00e0 prendre un tract \u00e0 la fin de la messe et \u00e0 en faire la promotion<\/p>\n","protected":false},"author":1,"featured_media":0,"parent":0,"menu_order":0,"comment_status":"closed","ping_status":"closed","template":"","meta":{"_seopress_robots_primary_cat":"","_seopress_titles_title":"","_seopress_titles_desc":"","_seopress_robots_index":"","jetpack_post_was_ever_published":false,"footnotes":""},"class_list":["post-8128","page","type-page","status-publish","hentry"],"jetpack_sharing_enabled":true,"jetpack_shortlink":"https:\/\/wp.me\/P8QOZc-276","jetpack_likes_enabled":true,"_links":{"self":[{"href":"https:\/\/paroisses-chatenay.fr\/stgermain\/wp-json\/wp\/v2\/pages\/8128","targetHints":{"allow":["GET"]}}],"collection":[{"href":"https:\/\/paroisses-chatenay.fr\/stgermain\/wp-json\/wp\/v2\/pages"}],"about":[{"href":"https:\/\/paroisses-chatenay.fr\/stgermain\/wp-json\/wp\/v2\/types\/page"}],"author":[{"embeddable":true,"href":"https:\/\/paroisses-chatenay.fr\/stgermain\/wp-json\/wp\/v2\/users\/1"}],"replies":[{"embeddable":true,"href":"https:\/\/paroisses-chatenay.fr\/stgermain\/wp-json\/wp\/v2\/comments?post=8128"}],"version-history":[{"count":2,"href":"https:\/\/paroisses-chatenay.fr\/stgermain\/wp-json\/wp\/v2\/pages\/8128\/revisions"}],"predecessor-version":[{"id":8132,"href":"https:\/\/paroisses-chatenay.fr\/stgermain\/wp-json\/wp\/v2\/pages\/8128\/revisions\/8132"}],"wp:attachment":[{"href":"https:\/\/paroisses-chatenay.fr\/stgermain\/wp-json\/wp\/v2\/media?parent=8128"}],"curies":[{"name":"wp","href":"https:\/\/api.w.org\/{rel}","templated":true}]}}